{"id":67,"date":"2021-01-18T22:26:11","date_gmt":"2021-01-19T04:26:11","guid":{"rendered":"https:\/\/concremex.com\/concremex\/?page_id=67"},"modified":"2026-01-28T12:46:12","modified_gmt":"2026-01-28T18:46:12","slug":"plantas","status":"publish","type":"page","link":"https:\/\/concremex.com\/concremex\/plantas\/","title":{"rendered":"Plantas"},"content":{"rendered":"\t\t<div data-elementor-type=\"wp-page\" data-elementor-id=\"67\" class=\"elementor elementor-67\" data-elementor-post-type=\"page\">\n\t\t\t\t\t\t<section class=\"elementor-section elementor-top-section elementor-element elementor-element-2fcb4e23 elementor-section-full_width elementor-section-height-default elementor-section-height-default\" data-id=\"2fcb4e23\" data-element_type=\"section\">\n\t\t\t\t\t\t<div class=\"elementor-container elementor-column-gap-default\">\n\t\t\t\t\t<div class=\"elementor-column elementor-col-100 elementor-top-column elementor-element elementor-element-2fd122f7\" data-id=\"2fd122f7\" data-element_type=\"column\">\n\t\t\t<div class=\"elementor-widget-wrap elementor-element-populated\">\n\t\t\t\t\t\t<div class=\"elementor-element elementor-element-367f4b8a elementor-widget elementor-widget-image\" data-id=\"367f4b8a\" data-element_type=\"widget\" data-widget_type=\"image.default\">\n\t\t\t\t<div class=\"elementor-widget-container\">\n\t\t\t\t\t\t\t\t\t\t\t\t\t\t\t<img fetchpriority=\"high\" decoding=\"async\" width=\"5905\" height=\"984\" src=\"https:\/\/concremex.com\/concremex\/wp-content\/uploads\/2021\/02\/banner-de-concremex-relleno.png\" class=\"attachment-full size-full wp-image-160\" alt=\"\" srcset=\"https:\/\/concremex.com\/concremex\/wp-content\/uploads\/2021\/02\/banner-de-concremex-relleno.png 5905w, https:\/\/concremex.com\/concremex\/wp-content\/uploads\/2021\/02\/banner-de-concremex-relleno-300x50.png 300w, https:\/\/concremex.com\/concremex\/wp-content\/uploads\/2021\/02\/banner-de-concremex-relleno-1024x171.png 1024w, https:\/\/concremex.com\/concremex\/wp-content\/uploads\/2021\/02\/banner-de-concremex-relleno-768x128.png 768w, https:\/\/concremex.com\/concremex\/wp-content\/uploads\/2021\/02\/banner-de-concremex-relleno-1536x256.png 1536w, https:\/\/concremex.com\/concremex\/wp-content\/uploads\/2021\/02\/banner-de-concremex-relleno-2048x341.png 2048w\" sizes=\"(max-width: 5905px) 100vw, 5905px\" \/>\t\t\t\t\t\t\t\t\t\t\t\t\t\t\t<\/div>\n\t\t\t\t<\/div>\n\t\t\t\t\t<\/div>\n\t\t<\/div>\n\t\t\t\t\t<\/div>\n\t\t<\/section>\n\t\t\t\t<section class=\"elementor-section elementor-top-section elementor-element elementor-element-86459d9 elementor-section-content-space-between elementor-section-boxed elementor-section-height-default elementor-section-height-default\" data-id=\"86459d9\" data-element_type=\"section\">\n\t\t\t\t\t\t<div class=\"elementor-container elementor-column-gap-default\">\n\t\t\t\t\t<div class=\"elementor-column elementor-col-33 elementor-top-column elementor-element elementor-element-fe31d0d\" data-id=\"fe31d0d\" data-element_type=\"column\">\n\t\t\t<div class=\"elementor-widget-wrap elementor-element-populated\">\n\t\t\t\t\t\t<div class=\"elementor-element elementor-element-7d4d01e elementor-widget elementor-widget-image\" data-id=\"7d4d01e\" data-element_type=\"widget\" data-widget_type=\"image.default\">\n\t\t\t\t<div class=\"elementor-widget-container\">\n\t\t\t\t\t\t\t\t\t\t\t\t\t\t\t<img decoding=\"async\" width=\"600\" height=\"500\" data-src=\"https:\/\/concremex.com\/concremex\/wp-content\/uploads\/2021\/02\/Concreto-Alta-Resistencia.jpg\" class=\"attachment-large size-large wp-image-402 lazyload\" alt=\"\" data-srcset=\"https:\/\/concremex.com\/concremex\/wp-content\/uploads\/2021\/02\/Concreto-Alta-Resistencia.jpg 600w, https:\/\/concremex.com\/concremex\/wp-content\/uploads\/2021\/02\/Concreto-Alta-Resistencia-300x250.jpg 300w\" data-sizes=\"(max-width: 600px) 100vw, 600px\" src=\"data:image\/gif;base64,R0lGODlhAQABAAAAACH5BAEKAAEALAAAAAABAAEAAAICTAEAOw==\" style=\"--smush-placeholder-width: 600px; --smush-placeholder-aspect-ratio: 600\/500;\" \/>\t\t\t\t\t\t\t\t\t\t\t\t\t\t\t<\/div>\n\t\t\t\t<\/div>\n\t\t\t\t<div class=\"elementor-element elementor-element-da25dcd elementor-widget elementor-widget-heading\" data-id=\"da25dcd\" data-element_type=\"widget\" data-widget_type=\"heading.default\">\n\t\t\t\t<div class=\"elementor-widget-container\">\n\t\t\t\t\t<h2 class=\"elementor-heading-title elementor-size-default\">NUEVO LE\u00d3N<\/h2>\t\t\t\t<\/div>\n\t\t\t\t<\/div>\n\t\t\t\t<div class=\"elementor-element elementor-element-a4a7922 elementor-widget elementor-widget-text-editor\" data-id=\"a4a7922\" data-element_type=\"widget\" data-widget_type=\"text-editor.default\">\n\t\t\t\t<div class=\"elementor-widget-container\">\n\t\t\t\t\t\t\t\t\t<ul><li style=\"font-size: 16px;\"><a href=\"https:\/\/share.google\/LXtNJv2gu1e5Xl7I9\" target=\"_blank\" rel=\"noopener\">Planta Prefabricados | El Carmen<\/a><\/li><li><a href=\"https:\/\/share.google\/M6pmaP3NIG2TQKN6v\" target=\"_blank\" rel=\"noopener\">Planta Mezquital<\/a><\/li><li><a href=\"https:\/\/share.google\/M1qS3hAAV4RjtfaAH\" target=\"_blank\" rel=\"noopener\">Planta Libramiento<\/a><\/li><li><a href=\"https:\/\/share.google\/uWCM0MOEfGLdvclaM\" target=\"_blank\" rel=\"noopener\">Planta Estanzuela<\/a><\/li><li><a href=\"https:\/\/share.google\/Nlec6k2OabS0BSP7w\" target=\"_blank\" rel=\"noopener\">Planta Santa Catarina<\/a><\/li><li><a href=\"https:\/\/share.google\/hExx84W5njucEihM6\" target=\"_blank\" rel=\"noopener\">Planta Linares<\/a><\/li><li><a href=\"https:\/\/share.google\/9BmePKZGjNkTTIdxt\" target=\"_blank\" rel=\"noopener\">Planta (San Mateo) Cadereyta<\/a><\/li><li><a href=\"https:\/\/share.google\/QMnmlIsIeJPBiIGhd\" target=\"_blank\" rel=\"noopener\">Planta Pesquer\u00eda<\/a><\/li><li><a href=\"https:\/\/share.google\/oQqHReai18djcRyry\" target=\"_blank\" rel=\"noopener\">Planta Nueva Castilla<\/a><\/li><\/ul>\t\t\t\t\t\t\t\t<\/div>\n\t\t\t\t<\/div>\n\t\t\t\t\t<\/div>\n\t\t<\/div>\n\t\t\t\t<div class=\"elementor-column elementor-col-33 elementor-top-column elementor-element elementor-element-8660333\" data-id=\"8660333\" data-element_type=\"column\">\n\t\t\t<div class=\"elementor-widget-wrap elementor-element-populated\">\n\t\t\t\t\t\t<div class=\"elementor-element elementor-element-25d9512 elementor-widget elementor-widget-image\" data-id=\"25d9512\" data-element_type=\"widget\" data-widget_type=\"image.default\">\n\t\t\t\t<div class=\"elementor-widget-container\">\n\t\t\t\t\t\t\t\t\t\t\t\t\t\t\t<img decoding=\"async\" width=\"600\" height=\"500\" data-src=\"https:\/\/concremex.com\/concremex\/wp-content\/uploads\/2021\/02\/Concreto-Celular.jpg\" class=\"attachment-large size-large wp-image-390 lazyload\" alt=\"\" data-srcset=\"https:\/\/concremex.com\/concremex\/wp-content\/uploads\/2021\/02\/Concreto-Celular.jpg 600w, https:\/\/concremex.com\/concremex\/wp-content\/uploads\/2021\/02\/Concreto-Celular-300x250.jpg 300w\" data-sizes=\"(max-width: 600px) 100vw, 600px\" src=\"data:image\/gif;base64,R0lGODlhAQABAAAAACH5BAEKAAEALAAAAAABAAEAAAICTAEAOw==\" style=\"--smush-placeholder-width: 600px; --smush-placeholder-aspect-ratio: 600\/500;\" \/>\t\t\t\t\t\t\t\t\t\t\t\t\t\t\t<\/div>\n\t\t\t\t<\/div>\n\t\t\t\t<div class=\"elementor-element elementor-element-8f2612e elementor-widget elementor-widget-heading\" data-id=\"8f2612e\" data-element_type=\"widget\" data-widget_type=\"heading.default\">\n\t\t\t\t<div class=\"elementor-widget-container\">\n\t\t\t\t\t<h2 class=\"elementor-heading-title elementor-size-default\">JALISCO<\/h2>\t\t\t\t<\/div>\n\t\t\t\t<\/div>\n\t\t\t\t<div class=\"elementor-element elementor-element-eebc5d2 elementor-widget elementor-widget-text-editor\" data-id=\"eebc5d2\" data-element_type=\"widget\" data-widget_type=\"text-editor.default\">\n\t\t\t\t<div class=\"elementor-widget-container\">\n\t\t\t\t\t\t\t\t\t<ul>\n<li><a href=\"https:\/\/share.google\/LmzqkaX8G9hrwFEsy\" target=\"_blank\">Planta Artesanos<\/a><\/li>\n<li><a href=\"https:\/\/share.google\/tKg7ygdOdW0EjtVOi\" target=\"_blank\">Planta Zapopan<\/a><\/li>\n<\/ul>\n<div>&nbsp;<span style=\"font-size: 1rem;\">&nbsp;<\/span><br><\/div>\n<p><br><\/p>\n<p><br><\/p>\n<p><br><\/p>\n<div>&nbsp;<\/div>\t\t\t\t\t\t\t\t<\/div>\n\t\t\t\t<\/div>\n\t\t\t\t\t<\/div>\n\t\t<\/div>\n\t\t\t\t<div class=\"elementor-column elementor-col-33 elementor-top-column elementor-element elementor-element-116cad2\" data-id=\"116cad2\" data-element_type=\"column\">\n\t\t\t<div class=\"elementor-widget-wrap elementor-element-populated\">\n\t\t\t\t\t\t<div class=\"elementor-element elementor-element-194abb7 elementor-widget elementor-widget-image\" data-id=\"194abb7\" data-element_type=\"widget\" data-widget_type=\"image.default\">\n\t\t\t\t<div class=\"elementor-widget-container\">\n\t\t\t\t\t\t\t\t\t\t\t\t\t\t\t<img decoding=\"async\" width=\"600\" height=\"500\" data-src=\"https:\/\/concremex.com\/concremex\/wp-content\/uploads\/2021\/02\/Concreto-Contraccion-Reducida.jpg\" class=\"attachment-large size-large wp-image-412 lazyload\" alt=\"\" data-srcset=\"https:\/\/concremex.com\/concremex\/wp-content\/uploads\/2021\/02\/Concreto-Contraccion-Reducida.jpg 600w, https:\/\/concremex.com\/concremex\/wp-content\/uploads\/2021\/02\/Concreto-Contraccion-Reducida-300x250.jpg 300w\" data-sizes=\"(max-width: 600px) 100vw, 600px\" src=\"data:image\/gif;base64,R0lGODlhAQABAAAAACH5BAEKAAEALAAAAAABAAEAAAICTAEAOw==\" style=\"--smush-placeholder-width: 600px; --smush-placeholder-aspect-ratio: 600\/500;\" \/>\t\t\t\t\t\t\t\t\t\t\t\t\t\t\t<\/div>\n\t\t\t\t<\/div>\n\t\t\t\t<div class=\"elementor-element elementor-element-9af6fd1 elementor-widget elementor-widget-heading\" data-id=\"9af6fd1\" data-element_type=\"widget\" data-widget_type=\"heading.default\">\n\t\t\t\t<div class=\"elementor-widget-container\">\n\t\t\t\t\t<h2 class=\"elementor-heading-title elementor-size-default\">QUER\u00c9TARO<\/h2>\t\t\t\t<\/div>\n\t\t\t\t<\/div>\n\t\t\t\t<div class=\"elementor-element elementor-element-f753832 elementor-widget elementor-widget-text-editor\" data-id=\"f753832\" data-element_type=\"widget\" data-widget_type=\"text-editor.default\">\n\t\t\t\t<div class=\"elementor-widget-container\">\n\t\t\t\t\t\t\t\t\t<ul>\n<li class=\"text-left\"><a href=\"https:\/\/share.google\/4iIz3jUiH6RAwBsYx\" target=\"_blank\" rel=\"noopener\">Planta Con\u00edn<\/a><\/li>\n<li class=\"text-left\"><a href=\"https:\/\/share.google\/nl6uGEFcKPyomXOpa\" target=\"_blank\">Planta Prefabricados | Quer\u00e9taro<\/a><\/li>\n<\/ul>\n<div>&nbsp;<\/div>\n<div>&nbsp;<\/div>\n<div>&nbsp;<\/div>\n<div>&nbsp;<\/div>\n<div>&nbsp;<\/div>\n<div>&nbsp;<\/div>\n<div>&nbsp;<\/div>\t\t\t\t\t\t\t\t<\/div>\n\t\t\t\t<\/div>\n\t\t\t\t\t<\/div>\n\t\t<\/div>\n\t\t\t\t\t<\/div>\n\t\t<\/section>\n\t\t\t\t<section class=\"elementor-section elementor-top-section elementor-element elementor-element-94edd20 elementor-section-boxed elementor-section-height-default elementor-section-height-default\" data-id=\"94edd20\" data-element_type=\"section\">\n\t\t\t\t\t\t<div class=\"elementor-container elementor-column-gap-default\">\n\t\t\t\t\t<div class=\"elementor-column elementor-col-100 elementor-top-column elementor-element elementor-element-4575fb5\" data-id=\"4575fb5\" data-element_type=\"column\">\n\t\t\t<div class=\"elementor-widget-wrap elementor-element-populated\">\n\t\t\t\t\t\t<div class=\"elementor-element elementor-element-0df3dfb e-transform elementor-widget elementor-widget-image\" data-id=\"0df3dfb\" data-element_type=\"widget\" data-settings=\"{&quot;_transform_scale_effect&quot;:{&quot;unit&quot;:&quot;px&quot;,&quot;size&quot;:&quot;&quot;,&quot;sizes&quot;:[]},&quot;_transform_scale_effect_tablet&quot;:{&quot;unit&quot;:&quot;px&quot;,&quot;size&quot;:&quot;&quot;,&quot;sizes&quot;:[]},&quot;_transform_scale_effect_mobile&quot;:{&quot;unit&quot;:&quot;px&quot;,&quot;size&quot;:&quot;&quot;,&quot;sizes&quot;:[]}}\" data-widget_type=\"image.default\">\n\t\t\t\t<div class=\"elementor-widget-container\">\n\t\t\t\t\t\t\t\t\t\t\t\t\t\t\t<img decoding=\"async\" width=\"800\" height=\"393\" data-src=\"https:\/\/concremex.com\/concremex\/wp-content\/uploads\/2026\/01\/admin-ajax5-1024x503.jpg\" class=\"attachment-large size-large wp-image-1468 lazyload\" alt=\"\" data-srcset=\"https:\/\/concremex.com\/concremex\/wp-content\/uploads\/2026\/01\/admin-ajax5-1024x503.jpg 1024w, https:\/\/concremex.com\/concremex\/wp-content\/uploads\/2026\/01\/admin-ajax5-300x147.jpg 300w, https:\/\/concremex.com\/concremex\/wp-content\/uploads\/2026\/01\/admin-ajax5-768x377.jpg 768w, https:\/\/concremex.com\/concremex\/wp-content\/uploads\/2026\/01\/admin-ajax5-1536x754.jpg 1536w, https:\/\/concremex.com\/concremex\/wp-content\/uploads\/2026\/01\/admin-ajax5-2048x1006.jpg 2048w\" data-sizes=\"(max-width: 800px) 100vw, 800px\" src=\"data:image\/gif;base64,R0lGODlhAQABAAAAACH5BAEKAAEALAAAAAABAAEAAAICTAEAOw==\" style=\"--smush-placeholder-width: 800px; --smush-placeholder-aspect-ratio: 800\/393;\" \/>\t\t\t\t\t\t\t\t\t\t\t\t\t\t\t<\/div>\n\t\t\t\t<\/div>\n\t\t\t\t<section class=\"elementor-section elementor-inner-section elementor-element elementor-element-409a391 elementor-section-boxed elementor-section-height-default elementor-section-height-default\" data-id=\"409a391\" data-element_type=\"section\">\n\t\t\t\t\t\t<div class=\"elementor-container elementor-column-gap-default\">\n\t\t\t\t\t<div class=\"elementor-column elementor-col-50 elementor-inner-column elementor-element elementor-element-0bf29e9\" data-id=\"0bf29e9\" data-element_type=\"column\">\n\t\t\t<div class=\"elementor-widget-wrap\">\n\t\t\t\t\t\t\t<\/div>\n\t\t<\/div>\n\t\t\t\t<div class=\"elementor-column elementor-col-50 elementor-inner-column elementor-element elementor-element-53c1bfa\" data-id=\"53c1bfa\" data-element_type=\"column\">\n\t\t\t<div class=\"elementor-widget-wrap\">\n\t\t\t\t\t\t\t<\/div>\n\t\t<\/div>\n\t\t\t\t\t<\/div>\n\t\t<\/section>\n\t\t\t\t<div class=\"elementor-element elementor-element-22425fa elementor-fixed elementor-widget elementor-widget-global elementor-global-1177 elementor-widget-button\" data-id=\"22425fa\" data-element_type=\"widget\" data-settings=\"{&quot;_position&quot;:&quot;fixed&quot;}\" data-widget_type=\"button.default\">\n\t\t\t\t<div class=\"elementor-widget-container\">\n\t\t\t\t\t\t\t\t\t<div class=\"elementor-button-wrapper\">\n\t\t\t\t\t<a class=\"elementor-button elementor-button-link elementor-size-md elementor-animation-shrink\" href=\"#elementor-action%3Aaction%3Dpopup%3Aopen%26settings%3DeyJpZCI6IjExMzAiLCJ0b2dnbGUiOmZhbHNlfQ%3D%3D\">\n\t\t\t\t\t\t<span class=\"elementor-button-content-wrapper\">\n\t\t\t\t\t\t\t\t\t<span class=\"elementor-button-text\">AVISO IMPORTANTE<\/span>\n\t\t\t\t\t<\/span>\n\t\t\t\t\t<\/a>\n\t\t\t\t<\/div>\n\t\t\t\t\t\t\t\t<\/div>\n\t\t\t\t<\/div>\n\t\t\t\t\t<\/div>\n\t\t<\/div>\n\t\t\t\t\t<\/div>\n\t\t<\/section>\n\t\t\t\t<\/div>\n\t\t","protected":false},"excerpt":{"rendered":"<p>NUEVO LE\u00d3N Planta Prefabricados | El Carmen Planta Mezquital Planta Libramiento Planta Estanzuela Planta Santa Catarina Planta Linares Planta (San Mateo) Cadereyta Planta Pesquer\u00eda Planta Nueva Castilla JALISCO Planta Artesanos Planta Zapopan &nbsp;&nbsp; &nbsp; QUER\u00c9TARO Planta Con\u00edn Planta Prefabricados | Quer\u00e9taro &nbsp; &nbsp; &nbsp; &nbsp; &nbsp; &nbsp; &nbsp; AVISO IMPORTANTE<\/p>\n","protected":false},"author":1,"featured_media":0,"parent":0,"menu_order":0,"comment_status":"closed","ping_status":"closed","template":"elementor_header_footer","meta":{"footnotes":""},"class_list":["post-67","page","type-page","status-publish","hentry"],"yoast_head":"<!-- This site is optimized with the Yoast SEO plugin v25.1 - https:\/\/yoast.com\/wordpress\/plugins\/seo\/ -->\n<title>Plantas - Concremex es Concreto la Silla\u00ae<\/title>\n<meta name=\"robots\" content=\"index, follow, max-snippet:-1, max-image-preview:large, max-video-preview:-1\" \/>\n<link rel=\"canonical\" href=\"https:\/\/concremex.com\/concremex\/plantas\/\" \/>\n<meta property=\"og:locale\" content=\"es_MX\" \/>\n<meta property=\"og:type\" content=\"article\" \/>\n<meta property=\"og:title\" content=\"Plantas - Concremex es Concreto la Silla\u00ae\" \/>\n<meta property=\"og:description\" content=\"NUEVO LE\u00d3N Planta Prefabricados | El Carmen Planta Mezquital Planta Libramiento Planta Estanzuela Planta Santa Catarina Planta Linares Planta (San Mateo) Cadereyta Planta Pesquer\u00eda Planta Nueva Castilla JALISCO Planta Artesanos Planta Zapopan &nbsp;&nbsp; &nbsp; QUER\u00c9TARO Planta Con\u00edn Planta Prefabricados | Quer\u00e9taro &nbsp; &nbsp; &nbsp; &nbsp; &nbsp; &nbsp; &nbsp; AVISO IMPORTANTE\" \/>\n<meta property=\"og:url\" content=\"https:\/\/concremex.com\/concremex\/plantas\/\" \/>\n<meta property=\"og:site_name\" content=\"Concremex es Concreto la Silla\u00ae\" \/>\n<meta property=\"article:modified_time\" content=\"2026-01-28T18:46:12+00:00\" \/>\n<meta property=\"og:image\" content=\"https:\/\/concremex.com\/concremex\/wp-content\/uploads\/2021\/02\/banner-de-concremex-relleno.png\" \/>\n\t<meta property=\"og:image:width\" content=\"5905\" \/>\n\t<meta property=\"og:image:height\" content=\"984\" \/>\n\t<meta property=\"og:image:type\" content=\"image\/png\" \/>\n<meta name=\"twitter:card\" content=\"summary_large_image\" \/>\n<meta name=\"twitter:label1\" content=\"Tiempo de lectura\" \/>\n\t<meta name=\"twitter:data1\" content=\"2 minutos\" \/>\n<script type=\"application\/ld+json\" class=\"yoast-schema-graph\">{\"@context\":\"https:\/\/schema.org\",\"@graph\":[{\"@type\":\"WebPage\",\"@id\":\"https:\/\/concremex.com\/concremex\/plantas\/\",\"url\":\"https:\/\/concremex.com\/concremex\/plantas\/\",\"name\":\"Plantas - Concremex es Concreto la Silla\u00ae\",\"isPartOf\":{\"@id\":\"https:\/\/concremex.com\/concremex\/#website\"},\"primaryImageOfPage\":{\"@id\":\"https:\/\/concremex.com\/concremex\/plantas\/#primaryimage\"},\"image\":{\"@id\":\"https:\/\/concremex.com\/concremex\/plantas\/#primaryimage\"},\"thumbnailUrl\":\"https:\/\/concremex.com\/concremex\/wp-content\/uploads\/2021\/02\/banner-de-concremex-relleno.png\",\"datePublished\":\"2021-01-19T04:26:11+00:00\",\"dateModified\":\"2026-01-28T18:46:12+00:00\",\"breadcrumb\":{\"@id\":\"https:\/\/concremex.com\/concremex\/plantas\/#breadcrumb\"},\"inLanguage\":\"es\",\"potentialAction\":[{\"@type\":\"ReadAction\",\"target\":[\"https:\/\/concremex.com\/concremex\/plantas\/\"]}]},{\"@type\":\"ImageObject\",\"inLanguage\":\"es\",\"@id\":\"https:\/\/concremex.com\/concremex\/plantas\/#primaryimage\",\"url\":\"https:\/\/concremex.com\/concremex\/wp-content\/uploads\/2021\/02\/banner-de-concremex-relleno.png\",\"contentUrl\":\"https:\/\/concremex.com\/concremex\/wp-content\/uploads\/2021\/02\/banner-de-concremex-relleno.png\",\"width\":5905,\"height\":984},{\"@type\":\"BreadcrumbList\",\"@id\":\"https:\/\/concremex.com\/concremex\/plantas\/#breadcrumb\",\"itemListElement\":[{\"@type\":\"ListItem\",\"position\":1,\"name\":\"Inicio\",\"item\":\"https:\/\/concremex.com\/concremex\/\"},{\"@type\":\"ListItem\",\"position\":2,\"name\":\"Plantas\"}]},{\"@type\":\"WebSite\",\"@id\":\"https:\/\/concremex.com\/concremex\/#website\",\"url\":\"https:\/\/concremex.com\/concremex\/\",\"name\":\"Concremex es Concreto la Silla\u00ae\",\"description\":\"Somos El Concreto de Mexico\",\"publisher\":{\"@id\":\"https:\/\/concremex.com\/concremex\/#organization\"},\"potentialAction\":[{\"@type\":\"SearchAction\",\"target\":{\"@type\":\"EntryPoint\",\"urlTemplate\":\"https:\/\/concremex.com\/concremex\/?s={search_term_string}\"},\"query-input\":{\"@type\":\"PropertyValueSpecification\",\"valueRequired\":true,\"valueName\":\"search_term_string\"}}],\"inLanguage\":\"es\"},{\"@type\":\"Organization\",\"@id\":\"https:\/\/concremex.com\/concremex\/#organization\",\"name\":\"Concremex es Concretos la silla\",\"url\":\"https:\/\/concremex.com\/concremex\/\",\"logo\":{\"@type\":\"ImageObject\",\"inLanguage\":\"es\",\"@id\":\"https:\/\/concremex.com\/concremex\/#\/schema\/logo\/image\/\",\"url\":\"https:\/\/concremex.com\/concremex\/wp-content\/uploads\/2021\/01\/Logo-de-Concremex.png\",\"contentUrl\":\"https:\/\/concremex.com\/concremex\/wp-content\/uploads\/2021\/01\/Logo-de-Concremex.png\",\"width\":8153,\"height\":3313,\"caption\":\"Concremex es Concretos la silla\"},\"image\":{\"@id\":\"https:\/\/concremex.com\/concremex\/#\/schema\/logo\/image\/\"}}]}<\/script>\n<!-- \/ Yoast SEO plugin. -->","yoast_head_json":{"title":"Plantas - Concremex es Concreto la Silla\u00ae","robots":{"index":"index","follow":"follow","max-snippet":"max-snippet:-1","max-image-preview":"max-image-preview:large","max-video-preview":"max-video-preview:-1"},"canonical":"https:\/\/concremex.com\/concremex\/plantas\/","og_locale":"es_MX","og_type":"article","og_title":"Plantas - Concremex es Concreto la Silla\u00ae","og_description":"NUEVO LE\u00d3N Planta Prefabricados | El Carmen Planta Mezquital Planta Libramiento Planta Estanzuela Planta Santa Catarina Planta Linares Planta (San Mateo) Cadereyta Planta Pesquer\u00eda Planta Nueva Castilla JALISCO Planta Artesanos Planta Zapopan &nbsp;&nbsp; &nbsp; QUER\u00c9TARO Planta Con\u00edn Planta Prefabricados | Quer\u00e9taro &nbsp; &nbsp; &nbsp; &nbsp; &nbsp; &nbsp; &nbsp; AVISO IMPORTANTE","og_url":"https:\/\/concremex.com\/concremex\/plantas\/","og_site_name":"Concremex es Concreto la Silla\u00ae","article_modified_time":"2026-01-28T18:46:12+00:00","og_image":[{"width":5905,"height":984,"url":"https:\/\/concremex.com\/concremex\/wp-content\/uploads\/2021\/02\/banner-de-concremex-relleno.png","type":"image\/png"}],"twitter_card":"summary_large_image","twitter_misc":{"Tiempo de lectura":"2 minutos"},"schema":{"@context":"https:\/\/schema.org","@graph":[{"@type":"WebPage","@id":"https:\/\/concremex.com\/concremex\/plantas\/","url":"https:\/\/concremex.com\/concremex\/plantas\/","name":"Plantas - Concremex es Concreto la Silla\u00ae","isPartOf":{"@id":"https:\/\/concremex.com\/concremex\/#website"},"primaryImageOfPage":{"@id":"https:\/\/concremex.com\/concremex\/plantas\/#primaryimage"},"image":{"@id":"https:\/\/concremex.com\/concremex\/plantas\/#primaryimage"},"thumbnailUrl":"https:\/\/concremex.com\/concremex\/wp-content\/uploads\/2021\/02\/banner-de-concremex-relleno.png","datePublished":"2021-01-19T04:26:11+00:00","dateModified":"2026-01-28T18:46:12+00:00","breadcrumb":{"@id":"https:\/\/concremex.com\/concremex\/plantas\/#breadcrumb"},"inLanguage":"es","potentialAction":[{"@type":"ReadAction","target":["https:\/\/concremex.com\/concremex\/plantas\/"]}]},{"@type":"ImageObject","inLanguage":"es","@id":"https:\/\/concremex.com\/concremex\/plantas\/#primaryimage","url":"https:\/\/concremex.com\/concremex\/wp-content\/uploads\/2021\/02\/banner-de-concremex-relleno.png","contentUrl":"https:\/\/concremex.com\/concremex\/wp-content\/uploads\/2021\/02\/banner-de-concremex-relleno.png","width":5905,"height":984},{"@type":"BreadcrumbList","@id":"https:\/\/concremex.com\/concremex\/plantas\/#breadcrumb","itemListElement":[{"@type":"ListItem","position":1,"name":"Inicio","item":"https:\/\/concremex.com\/concremex\/"},{"@type":"ListItem","position":2,"name":"Plantas"}]},{"@type":"WebSite","@id":"https:\/\/concremex.com\/concremex\/#website","url":"https:\/\/concremex.com\/concremex\/","name":"Concremex es Concreto la Silla\u00ae","description":"Somos El Concreto de Mexico","publisher":{"@id":"https:\/\/concremex.com\/concremex\/#organization"},"potentialAction":[{"@type":"SearchAction","target":{"@type":"EntryPoint","urlTemplate":"https:\/\/concremex.com\/concremex\/?s={search_term_string}"},"query-input":{"@type":"PropertyValueSpecification","valueRequired":true,"valueName":"search_term_string"}}],"inLanguage":"es"},{"@type":"Organization","@id":"https:\/\/concremex.com\/concremex\/#organization","name":"Concremex es Concretos la silla","url":"https:\/\/concremex.com\/concremex\/","logo":{"@type":"ImageObject","inLanguage":"es","@id":"https:\/\/concremex.com\/concremex\/#\/schema\/logo\/image\/","url":"https:\/\/concremex.com\/concremex\/wp-content\/uploads\/2021\/01\/Logo-de-Concremex.png","contentUrl":"https:\/\/concremex.com\/concremex\/wp-content\/uploads\/2021\/01\/Logo-de-Concremex.png","width":8153,"height":3313,"caption":"Concremex es Concretos la silla"},"image":{"@id":"https:\/\/concremex.com\/concremex\/#\/schema\/logo\/image\/"}}]}},"_links":{"self":[{"href":"https:\/\/concremex.com\/concremex\/wp-json\/wp\/v2\/pages\/67","targetHints":{"allow":["GET"]}}],"collection":[{"href":"https:\/\/concremex.com\/concremex\/wp-json\/wp\/v2\/pages"}],"about":[{"href":"https:\/\/concremex.com\/concremex\/wp-json\/wp\/v2\/types\/page"}],"author":[{"embeddable":true,"href":"https:\/\/concremex.com\/concremex\/wp-json\/wp\/v2\/users\/1"}],"replies":[{"embeddable":true,"href":"https:\/\/concremex.com\/concremex\/wp-json\/wp\/v2\/comments?post=67"}],"version-history":[{"count":64,"href":"https:\/\/concremex.com\/concremex\/wp-json\/wp\/v2\/pages\/67\/revisions"}],"predecessor-version":[{"id":1528,"href":"https:\/\/concremex.com\/concremex\/wp-json\/wp\/v2\/pages\/67\/revisions\/1528"}],"wp:attachment":[{"href":"https:\/\/concremex.com\/concremex\/wp-json\/wp\/v2\/media?parent=67"}],"curies":[{"name":"wp","href":"https:\/\/api.w.org\/{rel}","templated":true}]}}