{"id":255,"date":"2021-02-01T14:47:22","date_gmt":"2021-02-01T20:47:22","guid":{"rendered":"https:\/\/concremex.com\/concremex\/?page_id=255"},"modified":"2021-08-23T21:49:14","modified_gmt":"2021-08-24T02:49:14","slug":"equipo-e-insfraestructura","status":"publish","type":"page","link":"https:\/\/concremex.com\/concremex\/equipo-e-insfraestructura\/","title":{"rendered":"Equipo e insfraestructura"},"content":{"rendered":"\t\t<div data-elementor-type=\"wp-page\" data-elementor-id=\"255\" class=\"elementor elementor-255\" data-elementor-post-type=\"page\">\n\t\t\t\t\t\t<section class=\"elementor-section elementor-top-section elementor-element elementor-element-e5860b7 elementor-section-full_width elementor-section-height-default elementor-section-height-default\" data-id=\"e5860b7\" data-element_type=\"section\">\n\t\t\t\t\t\t<div class=\"elementor-container elementor-column-gap-default\">\n\t\t\t\t\t<div class=\"elementor-column elementor-col-100 elementor-top-column elementor-element elementor-element-78cb4b5a\" data-id=\"78cb4b5a\" data-element_type=\"column\">\n\t\t\t<div class=\"elementor-widget-wrap elementor-element-populated\">\n\t\t\t\t\t\t<div class=\"elementor-element elementor-element-3daf2c0e elementor-widget elementor-widget-image\" data-id=\"3daf2c0e\" data-element_type=\"widget\" data-widget_type=\"image.default\">\n\t\t\t\t<div class=\"elementor-widget-container\">\n\t\t\t\t\t\t\t\t\t\t\t\t\t\t\t<img fetchpriority=\"high\" decoding=\"async\" width=\"5905\" height=\"984\" src=\"https:\/\/concremex.com\/concremex\/wp-content\/uploads\/2021\/02\/banner-de-concremex-relleno.png\" class=\"attachment-full size-full wp-image-160\" alt=\"\" srcset=\"https:\/\/concremex.com\/concremex\/wp-content\/uploads\/2021\/02\/banner-de-concremex-relleno.png 5905w, https:\/\/concremex.com\/concremex\/wp-content\/uploads\/2021\/02\/banner-de-concremex-relleno-300x50.png 300w, https:\/\/concremex.com\/concremex\/wp-content\/uploads\/2021\/02\/banner-de-concremex-relleno-1024x171.png 1024w, https:\/\/concremex.com\/concremex\/wp-content\/uploads\/2021\/02\/banner-de-concremex-relleno-768x128.png 768w, https:\/\/concremex.com\/concremex\/wp-content\/uploads\/2021\/02\/banner-de-concremex-relleno-1536x256.png 1536w, https:\/\/concremex.com\/concremex\/wp-content\/uploads\/2021\/02\/banner-de-concremex-relleno-2048x341.png 2048w\" sizes=\"(max-width: 5905px) 100vw, 5905px\" \/>\t\t\t\t\t\t\t\t\t\t\t\t\t\t\t<\/div>\n\t\t\t\t<\/div>\n\t\t\t\t\t<\/div>\n\t\t<\/div>\n\t\t\t\t\t<\/div>\n\t\t<\/section>\n\t\t\t\t<section class=\"elementor-section elementor-top-section elementor-element elementor-element-3a9cdf4b elementor-section-boxed elementor-section-height-default elementor-section-height-default\" data-id=\"3a9cdf4b\" data-element_type=\"section\">\n\t\t\t\t\t\t<div class=\"elementor-container elementor-column-gap-default\">\n\t\t\t\t\t<div class=\"elementor-column elementor-col-50 elementor-top-column elementor-element elementor-element-317e6828\" data-id=\"317e6828\" data-element_type=\"column\">\n\t\t\t<div class=\"elementor-widget-wrap elementor-element-populated\">\n\t\t\t\t\t\t<div class=\"elementor-element elementor-element-16d326c6 elementor-widget elementor-widget-heading\" data-id=\"16d326c6\" data-element_type=\"widget\" data-widget_type=\"heading.default\">\n\t\t\t\t<div class=\"elementor-widget-container\">\n\t\t\t\t\t<h2 class=\"elementor-heading-title elementor-size-default\">EQUIPO E INFRAESTRUCTURA<\/h2>\t\t\t\t<\/div>\n\t\t\t\t<\/div>\n\t\t\t\t<div class=\"elementor-element elementor-element-341695a elementor-widget elementor-widget-text-editor\" data-id=\"341695a\" data-element_type=\"widget\" data-widget_type=\"text-editor.default\">\n\t\t\t\t<div class=\"elementor-widget-container\">\n\t\t\t\t\t\t\t\t\t<p>En Concretos La Silla, fabricamos concretos de la m\u00e1s alta calidad. Cada uno es dise\u00f1ado con la dosificaci\u00f3n necesaria de acuerdo con las diferentes resistencias.<\/p><p>Producidas con uniformidad, las mezclas son verificadas de manera escrupulosa por el equipo t\u00e9cnico debidamente capacitado con acreditaciones certificadas de acuerdo con las instituciones oficiales.<\/p><p>En nuestro laboratorio de control de calidad, los t\u00e9cnicos efect\u00faan los an\u00e1lisis necesarios de materias primas, concreto fresco y pruebas en cilindros que son sometidos a la compresi\u00f3n en equipo de alta tecnolog\u00eda para ratificar el cumplimiento de las resistencias vendidas. Por lo anterior, usted puede confiar en nuestra empresa.<\/p>\t\t\t\t\t\t\t\t<\/div>\n\t\t\t\t<\/div>\n\t\t\t\t<div class=\"elementor-element elementor-element-53c2279b elementor-widget elementor-widget-heading\" data-id=\"53c2279b\" data-element_type=\"widget\" data-widget_type=\"heading.default\">\n\t\t\t\t<div class=\"elementor-widget-container\">\n\t\t\t\t\t<h2 class=\"elementor-heading-title elementor-size-default\">PARA SUS PROYECTOS PONEMOS A SU DISPOSICI\u00d3N<\/h2>\t\t\t\t<\/div>\n\t\t\t\t<\/div>\n\t\t\t\t<div class=\"elementor-element elementor-element-5bc534ad elementor-widget elementor-widget-text-editor\" data-id=\"5bc534ad\" data-element_type=\"widget\" data-widget_type=\"text-editor.default\">\n\t\t\t\t<div class=\"elementor-widget-container\">\n\t\t\t\t\t\t\t\t\t<p>Plantas de Concreto Premezclado Estacionarias<\/p><p>Distribuidas estrat\u00e9gicamente a trav\u00e9s de las ciudades en donde tenemos participaci\u00f3n, para garantizar log\u00edstica y calidad en los productos que ofrecemos, debido a que el concreto premezclado una vez que es embarcado en las revolvedoras, debe colarse lo m\u00e1s pronto posible para que no pierda propiedades f\u00edsicas ni de resistencia.<\/p>\t\t\t\t\t\t\t\t<\/div>\n\t\t\t\t<\/div>\n\t\t\t\t<div class=\"elementor-element elementor-element-208efeb elementor-fixed elementor-widget elementor-widget-global elementor-global-1177 elementor-widget-button\" data-id=\"208efeb\" data-element_type=\"widget\" data-settings=\"{&quot;_position&quot;:&quot;fixed&quot;}\" data-widget_type=\"button.default\">\n\t\t\t\t<div class=\"elementor-widget-container\">\n\t\t\t\t\t\t\t\t\t<div class=\"elementor-button-wrapper\">\n\t\t\t\t\t<a class=\"elementor-button elementor-button-link elementor-size-md elementor-animation-shrink\" href=\"#elementor-action%3Aaction%3Dpopup%3Aopen%26settings%3DeyJpZCI6IjExMzAiLCJ0b2dnbGUiOmZhbHNlfQ%3D%3D\">\n\t\t\t\t\t\t<span class=\"elementor-button-content-wrapper\">\n\t\t\t\t\t\t\t\t\t<span class=\"elementor-button-text\">AVISO IMPORTANTE<\/span>\n\t\t\t\t\t<\/span>\n\t\t\t\t\t<\/a>\n\t\t\t\t<\/div>\n\t\t\t\t\t\t\t\t<\/div>\n\t\t\t\t<\/div>\n\t\t\t\t\t<\/div>\n\t\t<\/div>\n\t\t\t\t<div class=\"elementor-column elementor-col-50 elementor-top-column elementor-element elementor-element-7cf37d28\" data-id=\"7cf37d28\" data-element_type=\"column\">\n\t\t\t<div class=\"elementor-widget-wrap elementor-element-populated\">\n\t\t\t\t\t\t<div class=\"elementor-element elementor-element-17bfbf99 elementor-widget elementor-widget-text-editor\" data-id=\"17bfbf99\" data-element_type=\"widget\" data-widget_type=\"text-editor.default\">\n\t\t\t\t<div class=\"elementor-widget-container\">\n\t\t\t\t\t\t\t\t\t<p><strong>Plantas M\u00f3viles de Concreto Premezclado:<\/strong><\/p><p><span style=\"color: var( --e-global-color-text ); font-size: 1rem;\">Para proyectos especiales, en donde los vol\u00famenes y tiempos de colado requieren producci\u00f3n de alta calidad a bajo costo.<\/span><\/p><p><strong>Bombas Hidr\u00e1ulicas de Concreto:<\/strong><\/p><p>Para proyectos en donde realizar colados de tiro directo, es riesgoso o complejo.<\/p><p><strong>M\u00e1quinas Niveladoras L\u00e1ser:<\/strong><\/p><p>Para garantizar la colocaci\u00f3n de concreto premezclado en donde la uniformidad y las especificaciones t\u00e9cnicas del piso lo requieran.<\/p><p><strong>Vibradoras:<\/strong><\/p><p>Para garantizar la instalaci\u00f3n de lozas de concreto.<\/p><p><strong>Laboratorios de Calidad para el Concreto Premezclado:<\/strong><\/p><p>Para garantizar nuestros productos y cumplir con las especificaciones t\u00e9cnicas de nuestros clientes.<\/p>\t\t\t\t\t\t\t\t<\/div>\n\t\t\t\t<\/div>\n\t\t\t\t\t<\/div>\n\t\t<\/div>\n\t\t\t\t\t<\/div>\n\t\t<\/section>\n\t\t\t\t<\/div>\n\t\t","protected":false},"excerpt":{"rendered":"<p>EQUIPO E INFRAESTRUCTURA En Concretos La Silla, fabricamos concretos de la m\u00e1s alta calidad. Cada uno es dise\u00f1ado con la dosificaci\u00f3n necesaria de acuerdo con las diferentes resistencias. Producidas con uniformidad, las mezclas son verificadas de manera escrupulosa por el equipo t\u00e9cnico debidamente capacitado con acreditaciones certificadas de acuerdo con las instituciones oficiales. En nuestro [&hellip;]<\/p>\n","protected":false},"author":1,"featured_media":0,"parent":0,"menu_order":0,"comment_status":"closed","ping_status":"closed","template":"","meta":{"footnotes":""},"class_list":["post-255","page","type-page","status-publish","hentry"],"yoast_head":"<!-- This site is optimized with the Yoast SEO plugin v25.1 - https:\/\/yoast.com\/wordpress\/plugins\/seo\/ -->\n<title>Equipo e insfraestructura - Concremex es Concreto la Silla\u00ae<\/title>\n<meta name=\"robots\" content=\"index, follow, max-snippet:-1, max-image-preview:large, max-video-preview:-1\" \/>\n<link rel=\"canonical\" href=\"https:\/\/concremex.com\/concremex\/equipo-e-insfraestructura\/\" \/>\n<meta property=\"og:locale\" content=\"es_MX\" \/>\n<meta property=\"og:type\" content=\"article\" \/>\n<meta property=\"og:title\" content=\"Equipo e insfraestructura - Concremex es Concreto la Silla\u00ae\" \/>\n<meta property=\"og:description\" content=\"EQUIPO E INFRAESTRUCTURA En Concretos La Silla, fabricamos concretos de la m\u00e1s alta calidad. Cada uno es dise\u00f1ado con la dosificaci\u00f3n necesaria de acuerdo con las diferentes resistencias. Producidas con uniformidad, las mezclas son verificadas de manera escrupulosa por el equipo t\u00e9cnico debidamente capacitado con acreditaciones certificadas de acuerdo con las instituciones oficiales. En nuestro [&hellip;]\" \/>\n<meta property=\"og:url\" content=\"https:\/\/concremex.com\/concremex\/equipo-e-insfraestructura\/\" \/>\n<meta property=\"og:site_name\" content=\"Concremex es Concreto la Silla\u00ae\" \/>\n<meta property=\"article:modified_time\" content=\"2021-08-24T02:49:14+00:00\" \/>\n<meta property=\"og:image\" content=\"https:\/\/concremex.com\/concremex\/wp-content\/uploads\/2021\/02\/banner-de-concremex-relleno.png\" \/>\n<meta name=\"twitter:card\" content=\"summary_large_image\" \/>\n<meta name=\"twitter:label1\" content=\"Tiempo de lectura\" \/>\n\t<meta name=\"twitter:data1\" content=\"2 minutos\" \/>\n<script type=\"application\/ld+json\" class=\"yoast-schema-graph\">{\"@context\":\"https:\/\/schema.org\",\"@graph\":[{\"@type\":\"WebPage\",\"@id\":\"https:\/\/concremex.com\/concremex\/equipo-e-insfraestructura\/\",\"url\":\"https:\/\/concremex.com\/concremex\/equipo-e-insfraestructura\/\",\"name\":\"Equipo e insfraestructura - Concremex es Concreto la Silla\u00ae\",\"isPartOf\":{\"@id\":\"https:\/\/concremex.com\/concremex\/#website\"},\"primaryImageOfPage\":{\"@id\":\"https:\/\/concremex.com\/concremex\/equipo-e-insfraestructura\/#primaryimage\"},\"image\":{\"@id\":\"https:\/\/concremex.com\/concremex\/equipo-e-insfraestructura\/#primaryimage\"},\"thumbnailUrl\":\"https:\/\/concremex.com\/concremex\/wp-content\/uploads\/2021\/02\/banner-de-concremex-relleno.png\",\"datePublished\":\"2021-02-01T20:47:22+00:00\",\"dateModified\":\"2021-08-24T02:49:14+00:00\",\"breadcrumb\":{\"@id\":\"https:\/\/concremex.com\/concremex\/equipo-e-insfraestructura\/#breadcrumb\"},\"inLanguage\":\"es\",\"potentialAction\":[{\"@type\":\"ReadAction\",\"target\":[\"https:\/\/concremex.com\/concremex\/equipo-e-insfraestructura\/\"]}]},{\"@type\":\"ImageObject\",\"inLanguage\":\"es\",\"@id\":\"https:\/\/concremex.com\/concremex\/equipo-e-insfraestructura\/#primaryimage\",\"url\":\"https:\/\/concremex.com\/concremex\/wp-content\/uploads\/2021\/02\/banner-de-concremex-relleno.png\",\"contentUrl\":\"https:\/\/concremex.com\/concremex\/wp-content\/uploads\/2021\/02\/banner-de-concremex-relleno.png\",\"width\":5905,\"height\":984},{\"@type\":\"BreadcrumbList\",\"@id\":\"https:\/\/concremex.com\/concremex\/equipo-e-insfraestructura\/#breadcrumb\",\"itemListElement\":[{\"@type\":\"ListItem\",\"position\":1,\"name\":\"Inicio\",\"item\":\"https:\/\/concremex.com\/concremex\/\"},{\"@type\":\"ListItem\",\"position\":2,\"name\":\"Equipo e insfraestructura\"}]},{\"@type\":\"WebSite\",\"@id\":\"https:\/\/concremex.com\/concremex\/#website\",\"url\":\"https:\/\/concremex.com\/concremex\/\",\"name\":\"Concremex es Concreto la Silla\u00ae\",\"description\":\"Somos El Concreto de Mexico\",\"publisher\":{\"@id\":\"https:\/\/concremex.com\/concremex\/#organization\"},\"potentialAction\":[{\"@type\":\"SearchAction\",\"target\":{\"@type\":\"EntryPoint\",\"urlTemplate\":\"https:\/\/concremex.com\/concremex\/?s={search_term_string}\"},\"query-input\":{\"@type\":\"PropertyValueSpecification\",\"valueRequired\":true,\"valueName\":\"search_term_string\"}}],\"inLanguage\":\"es\"},{\"@type\":\"Organization\",\"@id\":\"https:\/\/concremex.com\/concremex\/#organization\",\"name\":\"Concremex es Concretos la silla\",\"url\":\"https:\/\/concremex.com\/concremex\/\",\"logo\":{\"@type\":\"ImageObject\",\"inLanguage\":\"es\",\"@id\":\"https:\/\/concremex.com\/concremex\/#\/schema\/logo\/image\/\",\"url\":\"https:\/\/concremex.com\/concremex\/wp-content\/uploads\/2021\/01\/Logo-de-Concremex.png\",\"contentUrl\":\"https:\/\/concremex.com\/concremex\/wp-content\/uploads\/2021\/01\/Logo-de-Concremex.png\",\"width\":8153,\"height\":3313,\"caption\":\"Concremex es Concretos la silla\"},\"image\":{\"@id\":\"https:\/\/concremex.com\/concremex\/#\/schema\/logo\/image\/\"}}]}<\/script>\n<!-- \/ Yoast SEO plugin. -->","yoast_head_json":{"title":"Equipo e insfraestructura - Concremex es Concreto la Silla\u00ae","robots":{"index":"index","follow":"follow","max-snippet":"max-snippet:-1","max-image-preview":"max-image-preview:large","max-video-preview":"max-video-preview:-1"},"canonical":"https:\/\/concremex.com\/concremex\/equipo-e-insfraestructura\/","og_locale":"es_MX","og_type":"article","og_title":"Equipo e insfraestructura - Concremex es Concreto la Silla\u00ae","og_description":"EQUIPO E INFRAESTRUCTURA En Concretos La Silla, fabricamos concretos de la m\u00e1s alta calidad. Cada uno es dise\u00f1ado con la dosificaci\u00f3n necesaria de acuerdo con las diferentes resistencias. Producidas con uniformidad, las mezclas son verificadas de manera escrupulosa por el equipo t\u00e9cnico debidamente capacitado con acreditaciones certificadas de acuerdo con las instituciones oficiales. En nuestro [&hellip;]","og_url":"https:\/\/concremex.com\/concremex\/equipo-e-insfraestructura\/","og_site_name":"Concremex es Concreto la Silla\u00ae","article_modified_time":"2021-08-24T02:49:14+00:00","og_image":[{"url":"https:\/\/concremex.com\/concremex\/wp-content\/uploads\/2021\/02\/banner-de-concremex-relleno.png","type":"","width":"","height":""}],"twitter_card":"summary_large_image","twitter_misc":{"Tiempo de lectura":"2 minutos"},"schema":{"@context":"https:\/\/schema.org","@graph":[{"@type":"WebPage","@id":"https:\/\/concremex.com\/concremex\/equipo-e-insfraestructura\/","url":"https:\/\/concremex.com\/concremex\/equipo-e-insfraestructura\/","name":"Equipo e insfraestructura - Concremex es Concreto la Silla\u00ae","isPartOf":{"@id":"https:\/\/concremex.com\/concremex\/#website"},"primaryImageOfPage":{"@id":"https:\/\/concremex.com\/concremex\/equipo-e-insfraestructura\/#primaryimage"},"image":{"@id":"https:\/\/concremex.com\/concremex\/equipo-e-insfraestructura\/#primaryimage"},"thumbnailUrl":"https:\/\/concremex.com\/concremex\/wp-content\/uploads\/2021\/02\/banner-de-concremex-relleno.png","datePublished":"2021-02-01T20:47:22+00:00","dateModified":"2021-08-24T02:49:14+00:00","breadcrumb":{"@id":"https:\/\/concremex.com\/concremex\/equipo-e-insfraestructura\/#breadcrumb"},"inLanguage":"es","potentialAction":[{"@type":"ReadAction","target":["https:\/\/concremex.com\/concremex\/equipo-e-insfraestructura\/"]}]},{"@type":"ImageObject","inLanguage":"es","@id":"https:\/\/concremex.com\/concremex\/equipo-e-insfraestructura\/#primaryimage","url":"https:\/\/concremex.com\/concremex\/wp-content\/uploads\/2021\/02\/banner-de-concremex-relleno.png","contentUrl":"https:\/\/concremex.com\/concremex\/wp-content\/uploads\/2021\/02\/banner-de-concremex-relleno.png","width":5905,"height":984},{"@type":"BreadcrumbList","@id":"https:\/\/concremex.com\/concremex\/equipo-e-insfraestructura\/#breadcrumb","itemListElement":[{"@type":"ListItem","position":1,"name":"Inicio","item":"https:\/\/concremex.com\/concremex\/"},{"@type":"ListItem","position":2,"name":"Equipo e insfraestructura"}]},{"@type":"WebSite","@id":"https:\/\/concremex.com\/concremex\/#website","url":"https:\/\/concremex.com\/concremex\/","name":"Concremex es Concreto la Silla\u00ae","description":"Somos El Concreto de Mexico","publisher":{"@id":"https:\/\/concremex.com\/concremex\/#organization"},"potentialAction":[{"@type":"SearchAction","target":{"@type":"EntryPoint","urlTemplate":"https:\/\/concremex.com\/concremex\/?s={search_term_string}"},"query-input":{"@type":"PropertyValueSpecification","valueRequired":true,"valueName":"search_term_string"}}],"inLanguage":"es"},{"@type":"Organization","@id":"https:\/\/concremex.com\/concremex\/#organization","name":"Concremex es Concretos la silla","url":"https:\/\/concremex.com\/concremex\/","logo":{"@type":"ImageObject","inLanguage":"es","@id":"https:\/\/concremex.com\/concremex\/#\/schema\/logo\/image\/","url":"https:\/\/concremex.com\/concremex\/wp-content\/uploads\/2021\/01\/Logo-de-Concremex.png","contentUrl":"https:\/\/concremex.com\/concremex\/wp-content\/uploads\/2021\/01\/Logo-de-Concremex.png","width":8153,"height":3313,"caption":"Concremex es Concretos la silla"},"image":{"@id":"https:\/\/concremex.com\/concremex\/#\/schema\/logo\/image\/"}}]}},"_links":{"self":[{"href":"https:\/\/concremex.com\/concremex\/wp-json\/wp\/v2\/pages\/255","targetHints":{"allow":["GET"]}}],"collection":[{"href":"https:\/\/concremex.com\/concremex\/wp-json\/wp\/v2\/pages"}],"about":[{"href":"https:\/\/concremex.com\/concremex\/wp-json\/wp\/v2\/types\/page"}],"author":[{"embeddable":true,"href":"https:\/\/concremex.com\/concremex\/wp-json\/wp\/v2\/users\/1"}],"replies":[{"embeddable":true,"href":"https:\/\/concremex.com\/concremex\/wp-json\/wp\/v2\/comments?post=255"}],"version-history":[{"count":19,"href":"https:\/\/concremex.com\/concremex\/wp-json\/wp\/v2\/pages\/255\/revisions"}],"predecessor-version":[{"id":1247,"href":"https:\/\/concremex.com\/concremex\/wp-json\/wp\/v2\/pages\/255\/revisions\/1247"}],"wp:attachment":[{"href":"https:\/\/concremex.com\/concremex\/wp-json\/wp\/v2\/media?parent=255"}],"curies":[{"name":"wp","href":"https:\/\/api.w.org\/{rel}","templated":true}]}}