{"id":205,"date":"2021-02-01T14:05:18","date_gmt":"2021-02-01T20:05:18","guid":{"rendered":"https:\/\/concremex.com\/concremex\/?page_id=205"},"modified":"2021-08-23T20:11:38","modified_gmt":"2021-08-24T01:11:38","slug":"historia","status":"publish","type":"page","link":"https:\/\/concremex.com\/concremex\/historia\/","title":{"rendered":"Historia"},"content":{"rendered":"\t\t<div data-elementor-type=\"wp-page\" data-elementor-id=\"205\" class=\"elementor elementor-205\" data-elementor-post-type=\"page\">\n\t\t\t\t\t\t<section class=\"elementor-section elementor-top-section elementor-element elementor-element-3d6f66d elementor-section-full_width elementor-section-height-default elementor-section-height-default\" data-id=\"3d6f66d\" data-element_type=\"section\">\n\t\t\t\t\t\t<div class=\"elementor-container elementor-column-gap-default\">\n\t\t\t\t\t<div class=\"elementor-column elementor-col-100 elementor-top-column elementor-element elementor-element-03dcde0\" data-id=\"03dcde0\" data-element_type=\"column\">\n\t\t\t<div class=\"elementor-widget-wrap elementor-element-populated\">\n\t\t\t\t\t\t<div class=\"elementor-element elementor-element-2179043 elementor-widget elementor-widget-image\" data-id=\"2179043\" data-element_type=\"widget\" data-widget_type=\"image.default\">\n\t\t\t\t<div class=\"elementor-widget-container\">\n\t\t\t\t\t\t\t\t\t\t\t\t\t\t\t<img fetchpriority=\"high\" decoding=\"async\" width=\"5905\" height=\"984\" src=\"https:\/\/concremex.com\/concremex\/wp-content\/uploads\/2021\/02\/banner-de-concremex-relleno.png\" class=\"attachment-full size-full wp-image-160\" alt=\"\" srcset=\"https:\/\/concremex.com\/concremex\/wp-content\/uploads\/2021\/02\/banner-de-concremex-relleno.png 5905w, https:\/\/concremex.com\/concremex\/wp-content\/uploads\/2021\/02\/banner-de-concremex-relleno-300x50.png 300w, https:\/\/concremex.com\/concremex\/wp-content\/uploads\/2021\/02\/banner-de-concremex-relleno-1024x171.png 1024w, https:\/\/concremex.com\/concremex\/wp-content\/uploads\/2021\/02\/banner-de-concremex-relleno-768x128.png 768w, https:\/\/concremex.com\/concremex\/wp-content\/uploads\/2021\/02\/banner-de-concremex-relleno-1536x256.png 1536w, https:\/\/concremex.com\/concremex\/wp-content\/uploads\/2021\/02\/banner-de-concremex-relleno-2048x341.png 2048w\" sizes=\"(max-width: 5905px) 100vw, 5905px\" \/>\t\t\t\t\t\t\t\t\t\t\t\t\t\t\t<\/div>\n\t\t\t\t<\/div>\n\t\t\t\t\t<\/div>\n\t\t<\/div>\n\t\t\t\t\t<\/div>\n\t\t<\/section>\n\t\t\t\t<section class=\"elementor-section elementor-top-section elementor-element elementor-element-4715c0a elementor-section-boxed elementor-section-height-default elementor-section-height-default\" data-id=\"4715c0a\" data-element_type=\"section\">\n\t\t\t\t\t\t<div class=\"elementor-container elementor-column-gap-default\">\n\t\t\t\t\t<div class=\"elementor-column elementor-col-50 elementor-top-column elementor-element elementor-element-5fcf9d5\" data-id=\"5fcf9d5\" data-element_type=\"column\">\n\t\t\t<div class=\"elementor-widget-wrap elementor-element-populated\">\n\t\t\t\t\t\t<div class=\"elementor-element elementor-element-a10b106 elementor-widget elementor-widget-heading\" data-id=\"a10b106\" data-element_type=\"widget\" data-widget_type=\"heading.default\">\n\t\t\t\t<div class=\"elementor-widget-container\">\n\t\t\t\t\t<h2 class=\"elementor-heading-title elementor-size-default\">HISTORIA<\/h2>\t\t\t\t<\/div>\n\t\t\t\t<\/div>\n\t\t\t\t<div class=\"elementor-element elementor-element-6e50de0 elementor-widget elementor-widget-text-editor\" data-id=\"6e50de0\" data-element_type=\"widget\" data-widget_type=\"text-editor.default\">\n\t\t\t\t<div class=\"elementor-widget-container\">\n\t\t\t\t\t\t\t\t\t<p>Fundada en 1997, Concretos La Silla es una empresa fabricante de una gran gama de productos derivados del concreto premezclado. A trav\u00e9s de la productividad, la excelencia en calidad e innovaci\u00f3n de sus productos bajo un enfoque de servicio al cliente, logr\u00f3 establecerse fuertemente en el mercado Neoleon\u00e9s y con participaci\u00f3n en las ciudades de Saltillo, Guadalajara, Ciudad Victoria, Reynosa y Puerto Vallarta.<\/p><p>Concretos La Silla es una exitosa y din\u00e1mica empresa 100% mexicana, que ha logrado transformarse y crecer con firmeza para responder eficientemente a las exigencias del mercado de la construcci\u00f3n que a trav\u00e9s del tiempo exig\u00eda cada vez m\u00e1s nuevas alternativas de proveedores especializados, que no dependieran de las pol\u00edticas, estructura de costos y procedimientos de las grandes cementeras.<\/p><p>Por esto y m\u00e1s, el constructor nos otorg\u00f3 su preferencia, permiti\u00e9ndonos crecer progresivamente para llegar a expandir nuestras operaciones hoy en d\u00eda a x localidades, con m\u00e1s de x plantas dosificadores, x camiones, x bombas y dar empleo a m\u00e1s de x familias.<\/p><p>Debido al aspecto regional de nuestra raz\u00f3n social, es que en el 2003 decidimos operar bajo el nombre de CONCREMEX en los dem\u00e1s estados de la rep\u00fablica mexicana, con excelente acogida por parte de nuestros clientes a nivel nacional.<\/p>\t\t\t\t\t\t\t\t<\/div>\n\t\t\t\t<\/div>\n\t\t\t\t<div class=\"elementor-element elementor-element-3cc8b85 elementor-widget elementor-widget-heading\" data-id=\"3cc8b85\" data-element_type=\"widget\" data-widget_type=\"heading.default\">\n\t\t\t\t<div class=\"elementor-widget-container\">\n\t\t\t\t\t<h2 class=\"elementor-heading-title elementor-size-default\">VISI\u00d3N<\/h2>\t\t\t\t<\/div>\n\t\t\t\t<\/div>\n\t\t\t\t<div class=\"elementor-element elementor-element-a227c59 elementor-widget elementor-widget-text-editor\" data-id=\"a227c59\" data-element_type=\"widget\" data-widget_type=\"text-editor.default\">\n\t\t\t\t<div class=\"elementor-widget-container\">\n\t\t\t\t\t\t\t\t\t<ul><li>Ser L\u00edder en la fabricaci\u00f3n de concreto premezclado.<\/li><li>Brindar a nuestros clientes la mejor opci\u00f3n en calidad, servicio y condici\u00f3n comercial.<\/li><li>Tener presencia en el \u00e1mbito nacional, en especial, en ciudades de alto potencial de desarrollo.<\/li><\/ul>\t\t\t\t\t\t\t\t<\/div>\n\t\t\t\t<\/div>\n\t\t\t\t<div class=\"elementor-element elementor-element-0bb375e elementor-fixed elementor-widget elementor-widget-global elementor-global-1177 elementor-widget-button\" data-id=\"0bb375e\" data-element_type=\"widget\" data-settings=\"{&quot;_position&quot;:&quot;fixed&quot;}\" data-widget_type=\"button.default\">\n\t\t\t\t<div class=\"elementor-widget-container\">\n\t\t\t\t\t\t\t\t\t<div class=\"elementor-button-wrapper\">\n\t\t\t\t\t<a class=\"elementor-button elementor-button-link elementor-size-md elementor-animation-shrink\" href=\"#elementor-action%3Aaction%3Dpopup%3Aopen%26settings%3DeyJpZCI6IjExMzAiLCJ0b2dnbGUiOmZhbHNlfQ%3D%3D\">\n\t\t\t\t\t\t<span class=\"elementor-button-content-wrapper\">\n\t\t\t\t\t\t\t\t\t<span class=\"elementor-button-text\">AVISO IMPORTANTE<\/span>\n\t\t\t\t\t<\/span>\n\t\t\t\t\t<\/a>\n\t\t\t\t<\/div>\n\t\t\t\t\t\t\t\t<\/div>\n\t\t\t\t<\/div>\n\t\t\t\t\t<\/div>\n\t\t<\/div>\n\t\t\t\t<div class=\"elementor-column elementor-col-50 elementor-top-column elementor-element elementor-element-cd33f1a\" data-id=\"cd33f1a\" data-element_type=\"column\">\n\t\t\t<div class=\"elementor-widget-wrap elementor-element-populated\">\n\t\t\t\t\t\t<div class=\"elementor-element elementor-element-2ec43ac elementor-widget elementor-widget-image\" data-id=\"2ec43ac\" data-element_type=\"widget\" data-widget_type=\"image.default\">\n\t\t\t\t<div class=\"elementor-widget-container\">\n\t\t\t\t\t\t\t\t\t\t\t\t\t\t\t<img decoding=\"async\" width=\"800\" height=\"444\" data-src=\"https:\/\/concremex.com\/concremex\/wp-content\/uploads\/2021\/02\/camion-en-pagina-de-historia-de-concremex-rev.jpg\" class=\"attachment-large size-large wp-image-212 lazyload\" alt=\"\" data-srcset=\"https:\/\/concremex.com\/concremex\/wp-content\/uploads\/2021\/02\/camion-en-pagina-de-historia-de-concremex-rev.jpg 900w, https:\/\/concremex.com\/concremex\/wp-content\/uploads\/2021\/02\/camion-en-pagina-de-historia-de-concremex-rev-300x167.jpg 300w, https:\/\/concremex.com\/concremex\/wp-content\/uploads\/2021\/02\/camion-en-pagina-de-historia-de-concremex-rev-768x427.jpg 768w\" data-sizes=\"(max-width: 800px) 100vw, 800px\" src=\"data:image\/gif;base64,R0lGODlhAQABAAAAACH5BAEKAAEALAAAAAABAAEAAAICTAEAOw==\" style=\"--smush-placeholder-width: 800px; --smush-placeholder-aspect-ratio: 800\/444;\" \/>\t\t\t\t\t\t\t\t\t\t\t\t\t\t\t<\/div>\n\t\t\t\t<\/div>\n\t\t\t\t<div class=\"elementor-element elementor-element-4a3719d elementor-widget elementor-widget-heading\" data-id=\"4a3719d\" data-element_type=\"widget\" data-widget_type=\"heading.default\">\n\t\t\t\t<div class=\"elementor-widget-container\">\n\t\t\t\t\t<h2 class=\"elementor-heading-title elementor-size-default\">MISI\u00d3N<\/h2>\t\t\t\t<\/div>\n\t\t\t\t<\/div>\n\t\t\t\t<div class=\"elementor-element elementor-element-94a99e6 elementor-widget elementor-widget-text-editor\" data-id=\"94a99e6\" data-element_type=\"widget\" data-widget_type=\"text-editor.default\">\n\t\t\t\t<div class=\"elementor-widget-container\">\n\t\t\t\t\t\t\t\t\t<p>Est\u00e1 encaminada a procurar soluciones, bienes y servicios para mejorar la calidad de nuestros conciudadanos. Aspiramos a mantener un lugar prominente como factor de desarrollo en la industria de la construcci\u00f3n, mediante la investigaci\u00f3n y mejora continua de la calidad, en todos nuestros productos y servicios.<\/p>\t\t\t\t\t\t\t\t<\/div>\n\t\t\t\t<\/div>\n\t\t\t\t\t<\/div>\n\t\t<\/div>\n\t\t\t\t\t<\/div>\n\t\t<\/section>\n\t\t\t\t<\/div>\n\t\t","protected":false},"excerpt":{"rendered":"<p>HISTORIA Fundada en 1997, Concretos La Silla es una empresa fabricante de una gran gama de productos derivados del concreto premezclado. A trav\u00e9s de la productividad, la excelencia en calidad e innovaci\u00f3n de sus productos bajo un enfoque de servicio al cliente, logr\u00f3 establecerse fuertemente en el mercado Neoleon\u00e9s y con participaci\u00f3n en las ciudades [&hellip;]<\/p>\n","protected":false},"author":1,"featured_media":0,"parent":0,"menu_order":0,"comment_status":"closed","ping_status":"closed","template":"","meta":{"footnotes":""},"class_list":["post-205","page","type-page","status-publish","hentry"],"yoast_head":"<!-- This site is optimized with the Yoast SEO plugin v25.1 - https:\/\/yoast.com\/wordpress\/plugins\/seo\/ -->\n<title>Historia - Concremex es Concreto la Silla\u00ae<\/title>\n<meta name=\"robots\" content=\"index, follow, max-snippet:-1, max-image-preview:large, max-video-preview:-1\" \/>\n<link rel=\"canonical\" href=\"https:\/\/concremex.com\/concremex\/historia\/\" \/>\n<meta property=\"og:locale\" content=\"es_MX\" \/>\n<meta property=\"og:type\" content=\"article\" \/>\n<meta property=\"og:title\" content=\"Historia - Concremex es Concreto la Silla\u00ae\" \/>\n<meta property=\"og:description\" content=\"HISTORIA Fundada en 1997, Concretos La Silla es una empresa fabricante de una gran gama de productos derivados del concreto premezclado. A trav\u00e9s de la productividad, la excelencia en calidad e innovaci\u00f3n de sus productos bajo un enfoque de servicio al cliente, logr\u00f3 establecerse fuertemente en el mercado Neoleon\u00e9s y con participaci\u00f3n en las ciudades [&hellip;]\" \/>\n<meta property=\"og:url\" content=\"https:\/\/concremex.com\/concremex\/historia\/\" \/>\n<meta property=\"og:site_name\" content=\"Concremex es Concreto la Silla\u00ae\" \/>\n<meta property=\"article:modified_time\" content=\"2021-08-24T01:11:38+00:00\" \/>\n<meta property=\"og:image\" content=\"https:\/\/concremex.com\/concremex\/wp-content\/uploads\/2021\/02\/banner-de-concremex-relleno.png\" \/>\n<meta name=\"twitter:card\" content=\"summary_large_image\" \/>\n<meta name=\"twitter:label1\" content=\"Tiempo de lectura\" \/>\n\t<meta name=\"twitter:data1\" content=\"2 minutos\" \/>\n<script type=\"application\/ld+json\" class=\"yoast-schema-graph\">{\"@context\":\"https:\/\/schema.org\",\"@graph\":[{\"@type\":\"WebPage\",\"@id\":\"https:\/\/concremex.com\/concremex\/historia\/\",\"url\":\"https:\/\/concremex.com\/concremex\/historia\/\",\"name\":\"Historia - Concremex es Concreto la Silla\u00ae\",\"isPartOf\":{\"@id\":\"https:\/\/concremex.com\/concremex\/#website\"},\"primaryImageOfPage\":{\"@id\":\"https:\/\/concremex.com\/concremex\/historia\/#primaryimage\"},\"image\":{\"@id\":\"https:\/\/concremex.com\/concremex\/historia\/#primaryimage\"},\"thumbnailUrl\":\"https:\/\/concremex.com\/concremex\/wp-content\/uploads\/2021\/02\/banner-de-concremex-relleno.png\",\"datePublished\":\"2021-02-01T20:05:18+00:00\",\"dateModified\":\"2021-08-24T01:11:38+00:00\",\"breadcrumb\":{\"@id\":\"https:\/\/concremex.com\/concremex\/historia\/#breadcrumb\"},\"inLanguage\":\"es\",\"potentialAction\":[{\"@type\":\"ReadAction\",\"target\":[\"https:\/\/concremex.com\/concremex\/historia\/\"]}]},{\"@type\":\"ImageObject\",\"inLanguage\":\"es\",\"@id\":\"https:\/\/concremex.com\/concremex\/historia\/#primaryimage\",\"url\":\"https:\/\/concremex.com\/concremex\/wp-content\/uploads\/2021\/02\/banner-de-concremex-relleno.png\",\"contentUrl\":\"https:\/\/concremex.com\/concremex\/wp-content\/uploads\/2021\/02\/banner-de-concremex-relleno.png\",\"width\":5905,\"height\":984},{\"@type\":\"BreadcrumbList\",\"@id\":\"https:\/\/concremex.com\/concremex\/historia\/#breadcrumb\",\"itemListElement\":[{\"@type\":\"ListItem\",\"position\":1,\"name\":\"Inicio\",\"item\":\"https:\/\/concremex.com\/concremex\/\"},{\"@type\":\"ListItem\",\"position\":2,\"name\":\"Historia\"}]},{\"@type\":\"WebSite\",\"@id\":\"https:\/\/concremex.com\/concremex\/#website\",\"url\":\"https:\/\/concremex.com\/concremex\/\",\"name\":\"Concremex es Concreto la Silla\u00ae\",\"description\":\"Somos El Concreto de Mexico\",\"publisher\":{\"@id\":\"https:\/\/concremex.com\/concremex\/#organization\"},\"potentialAction\":[{\"@type\":\"SearchAction\",\"target\":{\"@type\":\"EntryPoint\",\"urlTemplate\":\"https:\/\/concremex.com\/concremex\/?s={search_term_string}\"},\"query-input\":{\"@type\":\"PropertyValueSpecification\",\"valueRequired\":true,\"valueName\":\"search_term_string\"}}],\"inLanguage\":\"es\"},{\"@type\":\"Organization\",\"@id\":\"https:\/\/concremex.com\/concremex\/#organization\",\"name\":\"Concremex es Concretos la silla\",\"url\":\"https:\/\/concremex.com\/concremex\/\",\"logo\":{\"@type\":\"ImageObject\",\"inLanguage\":\"es\",\"@id\":\"https:\/\/concremex.com\/concremex\/#\/schema\/logo\/image\/\",\"url\":\"https:\/\/concremex.com\/concremex\/wp-content\/uploads\/2021\/01\/Logo-de-Concremex.png\",\"contentUrl\":\"https:\/\/concremex.com\/concremex\/wp-content\/uploads\/2021\/01\/Logo-de-Concremex.png\",\"width\":8153,\"height\":3313,\"caption\":\"Concremex es Concretos la silla\"},\"image\":{\"@id\":\"https:\/\/concremex.com\/concremex\/#\/schema\/logo\/image\/\"}}]}<\/script>\n<!-- \/ Yoast SEO plugin. -->","yoast_head_json":{"title":"Historia - Concremex es Concreto la Silla\u00ae","robots":{"index":"index","follow":"follow","max-snippet":"max-snippet:-1","max-image-preview":"max-image-preview:large","max-video-preview":"max-video-preview:-1"},"canonical":"https:\/\/concremex.com\/concremex\/historia\/","og_locale":"es_MX","og_type":"article","og_title":"Historia - Concremex es Concreto la Silla\u00ae","og_description":"HISTORIA Fundada en 1997, Concretos La Silla es una empresa fabricante de una gran gama de productos derivados del concreto premezclado. A trav\u00e9s de la productividad, la excelencia en calidad e innovaci\u00f3n de sus productos bajo un enfoque de servicio al cliente, logr\u00f3 establecerse fuertemente en el mercado Neoleon\u00e9s y con participaci\u00f3n en las ciudades [&hellip;]","og_url":"https:\/\/concremex.com\/concremex\/historia\/","og_site_name":"Concremex es Concreto la Silla\u00ae","article_modified_time":"2021-08-24T01:11:38+00:00","og_image":[{"url":"https:\/\/concremex.com\/concremex\/wp-content\/uploads\/2021\/02\/banner-de-concremex-relleno.png","type":"","width":"","height":""}],"twitter_card":"summary_large_image","twitter_misc":{"Tiempo de lectura":"2 minutos"},"schema":{"@context":"https:\/\/schema.org","@graph":[{"@type":"WebPage","@id":"https:\/\/concremex.com\/concremex\/historia\/","url":"https:\/\/concremex.com\/concremex\/historia\/","name":"Historia - Concremex es Concreto la Silla\u00ae","isPartOf":{"@id":"https:\/\/concremex.com\/concremex\/#website"},"primaryImageOfPage":{"@id":"https:\/\/concremex.com\/concremex\/historia\/#primaryimage"},"image":{"@id":"https:\/\/concremex.com\/concremex\/historia\/#primaryimage"},"thumbnailUrl":"https:\/\/concremex.com\/concremex\/wp-content\/uploads\/2021\/02\/banner-de-concremex-relleno.png","datePublished":"2021-02-01T20:05:18+00:00","dateModified":"2021-08-24T01:11:38+00:00","breadcrumb":{"@id":"https:\/\/concremex.com\/concremex\/historia\/#breadcrumb"},"inLanguage":"es","potentialAction":[{"@type":"ReadAction","target":["https:\/\/concremex.com\/concremex\/historia\/"]}]},{"@type":"ImageObject","inLanguage":"es","@id":"https:\/\/concremex.com\/concremex\/historia\/#primaryimage","url":"https:\/\/concremex.com\/concremex\/wp-content\/uploads\/2021\/02\/banner-de-concremex-relleno.png","contentUrl":"https:\/\/concremex.com\/concremex\/wp-content\/uploads\/2021\/02\/banner-de-concremex-relleno.png","width":5905,"height":984},{"@type":"BreadcrumbList","@id":"https:\/\/concremex.com\/concremex\/historia\/#breadcrumb","itemListElement":[{"@type":"ListItem","position":1,"name":"Inicio","item":"https:\/\/concremex.com\/concremex\/"},{"@type":"ListItem","position":2,"name":"Historia"}]},{"@type":"WebSite","@id":"https:\/\/concremex.com\/concremex\/#website","url":"https:\/\/concremex.com\/concremex\/","name":"Concremex es Concreto la Silla\u00ae","description":"Somos El Concreto de Mexico","publisher":{"@id":"https:\/\/concremex.com\/concremex\/#organization"},"potentialAction":[{"@type":"SearchAction","target":{"@type":"EntryPoint","urlTemplate":"https:\/\/concremex.com\/concremex\/?s={search_term_string}"},"query-input":{"@type":"PropertyValueSpecification","valueRequired":true,"valueName":"search_term_string"}}],"inLanguage":"es"},{"@type":"Organization","@id":"https:\/\/concremex.com\/concremex\/#organization","name":"Concremex es Concretos la silla","url":"https:\/\/concremex.com\/concremex\/","logo":{"@type":"ImageObject","inLanguage":"es","@id":"https:\/\/concremex.com\/concremex\/#\/schema\/logo\/image\/","url":"https:\/\/concremex.com\/concremex\/wp-content\/uploads\/2021\/01\/Logo-de-Concremex.png","contentUrl":"https:\/\/concremex.com\/concremex\/wp-content\/uploads\/2021\/01\/Logo-de-Concremex.png","width":8153,"height":3313,"caption":"Concremex es Concretos la silla"},"image":{"@id":"https:\/\/concremex.com\/concremex\/#\/schema\/logo\/image\/"}}]}},"_links":{"self":[{"href":"https:\/\/concremex.com\/concremex\/wp-json\/wp\/v2\/pages\/205","targetHints":{"allow":["GET"]}}],"collection":[{"href":"https:\/\/concremex.com\/concremex\/wp-json\/wp\/v2\/pages"}],"about":[{"href":"https:\/\/concremex.com\/concremex\/wp-json\/wp\/v2\/types\/page"}],"author":[{"embeddable":true,"href":"https:\/\/concremex.com\/concremex\/wp-json\/wp\/v2\/users\/1"}],"replies":[{"embeddable":true,"href":"https:\/\/concremex.com\/concremex\/wp-json\/wp\/v2\/comments?post=205"}],"version-history":[{"count":28,"href":"https:\/\/concremex.com\/concremex\/wp-json\/wp\/v2\/pages\/205\/revisions"}],"predecessor-version":[{"id":1204,"href":"https:\/\/concremex.com\/concremex\/wp-json\/wp\/v2\/pages\/205\/revisions\/1204"}],"wp:attachment":[{"href":"https:\/\/concremex.com\/concremex\/wp-json\/wp\/v2\/media?parent=205"}],"curies":[{"name":"wp","href":"https:\/\/api.w.org\/{rel}","templated":true}]}}