{"id":1018,"date":"2021-02-24T21:40:23","date_gmt":"2021-02-25T03:40:23","guid":{"rendered":"https:\/\/concremex.com\/concremex\/?page_id=1018"},"modified":"2021-08-23T22:51:34","modified_gmt":"2021-08-24T03:51:34","slug":"aviso-de-privacidad","status":"publish","type":"page","link":"https:\/\/concremex.com\/concremex\/aviso-de-privacidad\/","title":{"rendered":"Aviso de Privacidad"},"content":{"rendered":"\t\t<div data-elementor-type=\"wp-page\" data-elementor-id=\"1018\" class=\"elementor elementor-1018\" data-elementor-post-type=\"page\">\n\t\t\t\t\t\t<section class=\"elementor-section elementor-top-section elementor-element elementor-element-73f7151 elementor-section-boxed elementor-section-height-default elementor-section-height-default\" data-id=\"73f7151\" data-element_type=\"section\">\n\t\t\t\t\t\t<div class=\"elementor-container elementor-column-gap-default\">\n\t\t\t\t\t<div class=\"elementor-column elementor-col-100 elementor-top-column elementor-element elementor-element-7a816da\" data-id=\"7a816da\" data-element_type=\"column\">\n\t\t\t<div class=\"elementor-widget-wrap elementor-element-populated\">\n\t\t\t\t\t\t<div class=\"elementor-element elementor-element-a679c15 elementor-widget elementor-widget-heading\" data-id=\"a679c15\" data-element_type=\"widget\" data-widget_type=\"heading.default\">\n\t\t\t\t<div class=\"elementor-widget-container\">\n\t\t\t\t\t<h2 class=\"elementor-heading-title elementor-size-default\">Concretos La Silla S.A de C.V (CONCREMEX)<\/h2>\t\t\t\t<\/div>\n\t\t\t\t<\/div>\n\t\t\t\t<div class=\"elementor-element elementor-element-2bf4d7e elementor-widget elementor-widget-text-editor\" data-id=\"2bf4d7e\" data-element_type=\"widget\" data-widget_type=\"text-editor.default\">\n\t\t\t\t<div class=\"elementor-widget-container\">\n\t\t\t\t\t\t\t\t\t<p><b>T\u00e9rminos y Condiciones<\/b><br \/><br \/>Lea estos t\u00e9rminos detenidamente antes de usar u obtener acceso al sitio web concretoslasilla.com \u00f3 concremex.com, o a cualquiera de los materiales contenidos o enlazados con el mismo. Si no acepta estos t\u00e9rminos y condiciones, es posible que no pueda obtener acceso ni usar de alguna otra forma este sitio ni ninguna parte del mismo. Al usar de forma continua el sitio y\/o al inducir el uso de este sitio electr\u00f3nicamente o a trav\u00e9s de otros medios, usted indica que ha le\u00eddo y acepta estos t\u00e9rminos y condiciones. Concretos La Silla, S.A. de C.V. se reserva el derecho de actualizar o revisar estos t\u00e9rminos y condiciones sin darle previo aviso; revise estos t\u00e9rminos y condiciones peri\u00f3dicamente para enterarse de los cambios. El uso continuo de este sitio despu\u00e9s de la publicaci\u00f3n de alg\u00fan cambio en estos t\u00e9rminos y condiciones indica que usted acepta dichos cambios. Bienvenido al sitio web de Concretos La Silla, S.A. de C.V. en concretoslasilla.com Estos T\u00e9rminos y Condiciones de Uso rigen la utilizaci\u00f3n del sitio de Concretos La Silla, S.A. de C.V. y su acceso a \u00e9ste constituye un contrato vinculante o &#8220;Acuerdo&#8221; por y entre Concretos La Silla, S.A. de C.V., una corporaci\u00f3n mexicana con sede principal en Calzada San Pedro # 801 Col. Del Valle, San Pedro Garza Garc\u00eda, N.L. y usted. Lea este Acuerdo detenidamente. Al usar este Sitio y\/o al inducir el uso de \u00e9ste electr\u00f3nicamente o a trav\u00e9s de otros medios, usted indica que acepta el Acuerdo y que usted: a) Reconoce y acepta que Concretos La Silla, S.A. de C.V. espec\u00edficamente se exime de toda responsabilidad, p\u00e9rdida, da\u00f1o o riesgo que resulte como consecuencia directa o indirecta del Sitio de Concretos La Silla, S.A. de C.V. b) Reconoce y acepta que el uso del Sitio de Concretos La Silla, S.A. de C.V. est\u00e1 sujeto a los t\u00e9rminos de este Acuerdo, seg\u00fan se modifiquen peri\u00f3dicamente. c) Que s\u00f3lo utilizar\u00e1 los materiales contenidos en el Sitio de Concretos La Silla, S.A. de C.V. para fines personales, no comerciales e informativos, y que no modificar\u00e1 ninguno de los materiales contenidos en el sitio.\u00a0<b>1. Conducta del Usuario<\/b><br \/><br \/>Usted acepta cumplir todas las leyes locales, estatales, nacionales e internacionales pertinentes, reglamentos, ordenanzas, normas y reglas y es el \u00fanico responsable por todas las acciones u omisiones que ocurran como consecuencia del uso o acceso al sitio de Concretos La Silla, S.A. de C.V. incluyendo y sin limitaciones, el contenido de sus transmisiones a trav\u00e9s de o hacia el sitio de Concretos La Silla. A manera de ejemplo y no como una limitaci\u00f3n, usted acepta no hacer lo siguiente: a) Usar el sitio de Concretos La Silla, S.A. de C.V. en relaci\u00f3n con cartas en cadena, correo electr\u00f3nico publicitario, correo electr\u00f3nico de publicidad indeseada, ni ning\u00fan duplicado ni mensajes no solicitados, comerciales o de otra \u00edndole. b) Recopilar, compilar ni diseminar informaci\u00f3n acerca de terceros, incluyendo las direcciones de correo electr\u00f3nico, sin consentimiento. c) Crear una identidad falsa o una direcci\u00f3n de correo electr\u00f3nico o encabezamiento falsificado, ni intentar de alguna manera enga\u00f1ar a otras personas sobre la identidad del remitente o el origen de un mensaje. d) Transmitir a trav\u00e9s del sitio de Concretos La Silla, S.A. de C.V., materiales ilegales, hostigantes, difamatorios, abusivos, amenazantes, perjudiciales, vulgares, obscenos, ofensivos o de \u00edndole censurable. e) Transmitir alg\u00fan material que pudiera infringir los derechos de propiedad intelectual u otros derechos de terceros, incluyendo y sin limitaciones, marcas comerciales, secretos comerciales o derechos de autor. f) Transmitir alg\u00fan material que contenga virus, caballos de troya, gusanos, bombas de tiempo, programas de cancelaci\u00f3n, ni ning\u00fan otro programa perjudicial o nocivo. g) Usar el sitio de Concretos La Silla, S.A. de C.V. para infringir alguna ley pertinente que restrinja la exportaci\u00f3n o importaci\u00f3n de datos, software o alg\u00fan otro tipo de contenido. h) Interferir en, o perturbar, el funcionamiento de las redes conectadas con el sitio de Concretos La Silla, S.A. de C.V. o infringir las normas, pol\u00edticas, reglas o procedimientos de tales redes. i) Obtener o intentar obtener acceso no autorizado al sitio de Concretos La Silla, u otras cuentas, sistemas de computadora o redes conectadas con el sitio deConcretos La Silla, S.A. de C.V. por medio de la b\u00fasqueda ilegal de contrase\u00f1as ni por ning\u00fan otro medio. j) Interferir en el uso y disfrute del sitio de Concretos La Silla, S.A. de C.V. por parte de otro miembro. k) Usar el sitio de Concretos La Silla, S.A. de C.V. de alguna manera no \u00e9tica o en contra de las normas aceptadas en la comunidad. l) Usar el sitio de Concretos La Silla, S.A. de C.V. para promocionar negocios en beneficio de alguna empresa o servicio de la competencia.\u00a0<b>2. Privacidad de los Miembros<\/b><br \/><br \/>Es la pol\u00edtica de Concretos La Silla, S.A. de C.V. respetar la privacidad de los usuarios del sitio. La pol\u00edtica de privacidad de Concretos La Silla, S.A. de C.V. se presenta en www.concretoslasilla.com\u00a0<b>3. Derechos de Propiedad del Contenido<\/b><br \/><br \/>Usted acepta que el contenido, que incluye, sin limitarse a, texto, datos, software, m\u00fasica, sonido, fotograf\u00edas, videos, gr\u00e1ficos u otros materiales a los que usted tiene acceso al usar el sitio de Concretos La Silla, S.A. de C.V. est\u00e1 protegido por derechos de autor, marcas comerciales, marcas de servicio, patentes, secretos industriales, derechos de datos, publicidad o derechos de privacidad u otros derechos y leyes de propiedad intelectual. A menos que se le autorice expresamente, no debe vender, alquilar, modificar, copiar, volver a publicar, transferir o descargar electr\u00f3nicamente, exhibir, divulgar, transmitir, ni distribuir de ninguna manera el contenido del sitio de Concretos La Silla. Usted acepta que toda informaci\u00f3n provista por Concretos La Silla, S.A. de C.V. o a trav\u00e9s de Concretos La Silla, S.A. de C.V. es para fines informativos \u00fanicamente y no tiene el fin de ofrecer asesor\u00eda profesional.\u00a0<b>4. Contenido Provisto por el Usuario<\/b><br \/><br \/>Al publicar o enviar contenido al sitio de Concretos La Silla, S.A. de C.V., usted le otorga autom\u00e1ticamente a Concretos La Silla, S.A. de C.V. el derecho a usar, reproducir, presentar, exhibir, adaptar, modificar, distribuir o promover el contenido de cualquier forma y para cualquier fin. Asimismo, usted acepta y garantiza que tiene los derechos de propiedad necesarios para dicho contenido o control sobre dicho contenido y que la publicaci\u00f3n y uso del contenido de parte de Concretos La Silla, S.A. de C.V. no infringe ni viola los derechos de ning\u00fan tercero. Usted acepta y confirma que es responsable por todo el contenido que publique o env\u00ede.\u00a0<b>5. Patrocinios<\/b><br \/><br \/>Todas las marcas comerciales, marcas de servicio y\/o nombres comerciales que aparecen en el sitio de Concretos La Silla, S.A. de C.V. que no son marcas de Concretos La Silla, S.A. de C.V., son marcas comerciales de sus respectivos propietarios. Las menciones que se hagan de cualquier nombre, marca, producto, o servicios de terceros no constituyen ni implica un patrocinio, promoci\u00f3n o recomendaci\u00f3n para dichos terceros o para sus productos o servicios.\u00a0<b>6. Suspensi\u00f3n o Denegaci\u00f3n de Acceso<\/b><br \/><br \/>Concretos La Silla, S.A. de C.V. puede, sin previo aviso, suspender, desconectar, denegar o restringir su acceso al sitio de Concretos La Silla, S.A. de C.V.: (a) durante un fallo t\u00e9cnico del sitio, o durante la modificaci\u00f3n o mantenimiento del mismo; (b) si usted usa el sitio de Concretos La Silla, S.A. de C.V. de manera que viole este acuerdo; o (c) si usted hace algo o deja de hacer algo que en la opini\u00f3n de Concretos La Silla, S.A. de C.V. pudiera tener como consecuencia el poner en peligro el funcionamiento o la integridad del sitio de Concretos La Silla, S.A. de C.V.\u00a0<b>7. Exclusi\u00f3n de Garant\u00edas y Limitaci\u00f3n de Responsabilidad Civil<\/b><br \/><br \/>Es posible que el sitio de Concretos La Silla, S.A. de C.V. contenga enlaces a sitios, recursos y patrocinadores de terceros. La existencia de enlaces a y desde el sitio de Concretos La Silla, S.A. de C.V. a sitios de terceros no constituye un patrocinio de parte de Concretos La Silla, S.A. de C.V. de ning\u00fan sitio, recursos, patrocinadores o contenido de terceros y Concretos La Silla, S.A. de C.V. no acepta ninguna responsabilidad, directa o indirectamente, por ninguno de esos sitios, recursos, patrocinadores o contenido. Concretos La Silla, S.A. de C.V. no representa ni aprueba la precisi\u00f3n o confiabilidad de ning\u00fan consejo, opini\u00f3n, declaraci\u00f3n ni ninguna otra informaci\u00f3n presentada o distribuida a trav\u00e9s del sitio de Concretos La Silla, S.A. de C.V. Usted acepta que al confiar en alguna de dichas opiniones, consejos, declaraciones o informaci\u00f3n, lo hace a riesgo propio. Concretos La Silla, S.A. de C.V. no verifica y no puede verificar todos los materiales publicados en el sitio de Concretos La Silla, S.A. de C.V. por los usuarios y no es responsable por ninguno de esos materiales. El sitio de Concretos La Silla, S.A. de C.V. incluyendo todo el contenido, software, funciones, materiales e informaci\u00f3n que en \u00e9l se presente o al que se obtenga acceso a trav\u00e9s del mismo se suministra &#8220;tal cual&#8221;. Concretos La Silla, S.A. de C.V. y sus socios no se responsabilizan ni ofrecen garant\u00edas de ning\u00fan tipo con respecto a: (1) el contenido del sitio; (2) los materiales, la informaci\u00f3n o las funciones a las cuales se obtenga acceso por medio del software utilizado en el sitio o al cual se obtenga acceso a trav\u00e9s del sitio; (3) todo producto o servicio de terceros o enlaces a terceros; o (4) toda violaci\u00f3n a la seguridad asociada con la transmisi\u00f3n de informaci\u00f3n sensible a trav\u00e9s del sitio de Concretos La Silla, S.A. de C.V. o alg\u00fan sitio enlazado. Concretos La Silla, S.A. de C.V. y sus socios no aceptan ninguna garant\u00eda expl\u00edcita o impl\u00edcita, incluidas y sin limitaciones, las de no contravenci\u00f3n, comerciabilidad o idoneidad para un determinado prop\u00f3sito. Concretos La Silla, S.A. de C.V. no garantiza que las funciones contenidas en el sitio o alg\u00fan material o contenido del mismo estar\u00e1n libres de interrupciones o errores, que todos los defectos se corregir\u00e1n, o que el sitio de Concretos La Silla, S.A. de C.V. o el servidor en el cual funciona est\u00e1 libre de virus u otros componentes perjudiciales. Concretos La Silla, S.A. de C.V. no acepta ninguna responsabilidad por ninguna p\u00e9rdida o da\u00f1o (incluidos y sin limitaciones, p\u00e9rdidas o da\u00f1os indirectos, especiales, o directos) que resulte del uso del sitio de Concretos La Silla, S.A. de C.V. independientemente de si \u00e9stos ocurren a consecuencia de alg\u00fan acto negligente u omisi\u00f3n. Si alguna ley, norma o decisi\u00f3n implica que alg\u00fan t\u00e9rmino o garant\u00eda no puede excluirse, la \u00fanica responsabilidad de Concretos La Silla, S.A. de C.V. ser\u00e1, en el caso de bienes o servicios, la de volver a suministrar los bienes o servicios, o pagar por el costo de suministrar los bienes o servicios de nuevo. Concretos La Silla, S.A. de C.V. podr\u00eda ofrecerle a sus miembros herramientas para efectuar transacciones o interactuar de alguna otra manera con terceros, incluyendo individuos. Los miembros deben tomar las medidas apropiadas al suministrar informaci\u00f3n a dichos terceros o en interacciones de otra \u00edndole con tales terceros. Todos los contactos o las interacciones entre usted y terceros se hacen a riesgo suyo, y Concretos La Silla, S.A. de C.V. no tiene ninguna responsabilidad en tales contactos o interacciones.\u00a0<b>8. Indemnizaci\u00f3n<\/b><br \/><br \/>Por medio de este documento, usted acepta indemnizar, defender y mantener la inmunidad de Concretos La Silla, S.A. de C.V. y todas sus empresas filiales, afiliadas, representantes, directores, propietarios, agentes, empleados, proveedores de informaci\u00f3n, socios, concesionarios y licenciatarios (colectivamente las &#8220;partes indemnizadas&#8221;) frente a toda responsabilidad y costo contra\u00eddo por las partes indemnizadas en relaci\u00f3n con todo reclamo relacionado con alguna infracci\u00f3n de este acuerdo cometida por usted, todo uso no autorizado del contenido del sitio o toda infracci\u00f3n cometida por usted de las declaraciones, garant\u00edas o cl\u00e1usulas precedentes, incluidos y sin limitaciones, los gastos y honorarios de los abogados. Usted debe cooperar totalmente seg\u00fan se requiera de manera razonable en defensa de todo reclamo. Concretos La Silla, S.A. de C.V. se reserva el derecho, a cuenta propia, de asumir la defensa y el control exclusivos de cualquier asunto que de otra manera est\u00e9 sujeto a indemnizaci\u00f3n de parte suya y usted no debe en ning\u00fan caso resolver ning\u00fan asunto sin el consentimiento por escrito de Concretos La Silla, S.A. de C.V.\u00a0<b>9. Legislaci\u00f3n y Jurisdicci\u00f3n Aplicables<\/b><br \/><br \/>Este acuerdo y todos los asuntos que se originen a partir de este acuerdo o que est\u00e9n relacionados con el mismo, deber\u00e1n regirse por las leyes de M\u00e9xico, a pesar de su selecci\u00f3n de normas legales. Las partes aceptan que toda acci\u00f3n legal o demanda relacionada con este acuerdo debe levantarse y presentarse en los tribunales de M\u00e9xico, D.F. y las partes voluntariamente se someten a la jurisdicci\u00f3n de dichos tribunales para tales prop\u00f3sitos.\u00a0<b>10. Invalidez<\/b><br \/><br \/>Si una estipulaci\u00f3n de este acuerdo o un derecho o soluci\u00f3n aqu\u00ed incluido no es v\u00e1lido o no se puede hacer cumplir en una jurisdicci\u00f3n particular: (a) debe ser interpretado o excluido en dicha jurisdicci\u00f3n s\u00f3lo hasta el alcance de la invalidez o la imposibilidad de hacer cumplir la estipulaci\u00f3n y (b) no afecta la validez o capacidad de hacer cumplir dicha estipulaci\u00f3n en otra jurisdicci\u00f3n o las estipulaciones restantes en cualquier jurisdicci\u00f3n.\u00a0<b>11. Renuncia<\/b><br \/><br \/>El uso individual o parcial de un derecho no excluye el uso futuro de dicho derecho o el uso de otro. Si una de las partes no usa un derecho o se retrasa en el uso de dicho derecho, ello no impide el uso del mismo ni funciona como una renuncia. Una renuncia s\u00f3lo tiene validez en el caso espec\u00edfico y para el prop\u00f3sito espec\u00edfico de su expedici\u00f3n.\u00a0<b>12. Derechos<\/b><br \/><br \/>Los derechos y acciones de una de las partes bajo este acuerdo no excluyen ning\u00fan otro derecho ni acci\u00f3n prevista por la ley.\u00a0<b>13. Acuerdo Completo<\/b><br \/><br \/>Este acuerdo es el acuerdo completo entre usted y Concretos La Silla, S.A. de C.V. respecto a los asuntos tratados en este documento. Ninguna interpretaci\u00f3n, arreglo, declaraci\u00f3n o estipulaci\u00f3n que no se haya incluido expl\u00edcitamente en este documento es vinculante. Toda correspondencia, negociaci\u00f3n y otras comunicaciones relacionadas con los asuntos tratados en este documento que antecedan este acuerdo quedan suspendidos por este documento y se incorporan al mismo<\/p>\t\t\t\t\t\t\t\t<\/div>\n\t\t\t\t<\/div>\n\t\t\t\t<div class=\"elementor-element elementor-element-8e1a7b7 elementor-fixed elementor-widget elementor-widget-global elementor-global-1177 elementor-widget-button\" data-id=\"8e1a7b7\" data-element_type=\"widget\" data-settings=\"{&quot;_position&quot;:&quot;fixed&quot;}\" data-widget_type=\"button.default\">\n\t\t\t\t<div class=\"elementor-widget-container\">\n\t\t\t\t\t\t\t\t\t<div class=\"elementor-button-wrapper\">\n\t\t\t\t\t<a class=\"elementor-button elementor-button-link elementor-size-md elementor-animation-shrink\" href=\"#elementor-action%3Aaction%3Dpopup%3Aopen%26settings%3DeyJpZCI6IjExMzAiLCJ0b2dnbGUiOmZhbHNlfQ%3D%3D\">\n\t\t\t\t\t\t<span class=\"elementor-button-content-wrapper\">\n\t\t\t\t\t\t\t\t\t<span class=\"elementor-button-text\">AVISO IMPORTANTE<\/span>\n\t\t\t\t\t<\/span>\n\t\t\t\t\t<\/a>\n\t\t\t\t<\/div>\n\t\t\t\t\t\t\t\t<\/div>\n\t\t\t\t<\/div>\n\t\t\t\t\t<\/div>\n\t\t<\/div>\n\t\t\t\t\t<\/div>\n\t\t<\/section>\n\t\t\t\t<\/div>\n\t\t","protected":false},"excerpt":{"rendered":"<p>Concretos La Silla S.A de C.V (CONCREMEX) T\u00e9rminos y Condiciones Lea estos t\u00e9rminos detenidamente antes de usar u obtener acceso al sitio web concretoslasilla.com \u00f3 concremex.com, o a cualquiera de los materiales contenidos o enlazados con el mismo. Si no acepta estos t\u00e9rminos y condiciones, es posible que no pueda obtener acceso ni usar de [&hellip;]<\/p>\n","protected":false},"author":1,"featured_media":0,"parent":0,"menu_order":0,"comment_status":"closed","ping_status":"closed","template":"","meta":{"footnotes":""},"class_list":["post-1018","page","type-page","status-publish","hentry"],"yoast_head":"<!-- This site is optimized with the Yoast SEO plugin v25.1 - https:\/\/yoast.com\/wordpress\/plugins\/seo\/ -->\n<title>Aviso de Privacidad - Concremex es Concreto la Silla\u00ae<\/title>\n<meta name=\"robots\" content=\"index, follow, max-snippet:-1, max-image-preview:large, max-video-preview:-1\" \/>\n<link rel=\"canonical\" href=\"https:\/\/concremex.com\/concremex\/aviso-de-privacidad\/\" \/>\n<meta property=\"og:locale\" content=\"es_MX\" \/>\n<meta property=\"og:type\" content=\"article\" \/>\n<meta property=\"og:title\" content=\"Aviso de Privacidad - Concremex es Concreto la Silla\u00ae\" \/>\n<meta property=\"og:description\" content=\"Concretos La Silla S.A de C.V (CONCREMEX) T\u00e9rminos y Condiciones Lea estos t\u00e9rminos detenidamente antes de usar u obtener acceso al sitio web concretoslasilla.com \u00f3 concremex.com, o a cualquiera de los materiales contenidos o enlazados con el mismo. Si no acepta estos t\u00e9rminos y condiciones, es posible que no pueda obtener acceso ni usar de [&hellip;]\" \/>\n<meta property=\"og:url\" content=\"https:\/\/concremex.com\/concremex\/aviso-de-privacidad\/\" \/>\n<meta property=\"og:site_name\" content=\"Concremex es Concreto la Silla\u00ae\" \/>\n<meta property=\"article:modified_time\" content=\"2021-08-24T03:51:34+00:00\" \/>\n<meta name=\"twitter:card\" content=\"summary_large_image\" \/>\n<meta name=\"twitter:label1\" content=\"Tiempo de lectura\" \/>\n\t<meta name=\"twitter:data1\" content=\"11 minutos\" \/>\n<script type=\"application\/ld+json\" class=\"yoast-schema-graph\">{\"@context\":\"https:\/\/schema.org\",\"@graph\":[{\"@type\":\"WebPage\",\"@id\":\"https:\/\/concremex.com\/concremex\/aviso-de-privacidad\/\",\"url\":\"https:\/\/concremex.com\/concremex\/aviso-de-privacidad\/\",\"name\":\"Aviso de Privacidad - Concremex es Concreto la Silla\u00ae\",\"isPartOf\":{\"@id\":\"https:\/\/concremex.com\/concremex\/#website\"},\"datePublished\":\"2021-02-25T03:40:23+00:00\",\"dateModified\":\"2021-08-24T03:51:34+00:00\",\"breadcrumb\":{\"@id\":\"https:\/\/concremex.com\/concremex\/aviso-de-privacidad\/#breadcrumb\"},\"inLanguage\":\"es\",\"potentialAction\":[{\"@type\":\"ReadAction\",\"target\":[\"https:\/\/concremex.com\/concremex\/aviso-de-privacidad\/\"]}]},{\"@type\":\"BreadcrumbList\",\"@id\":\"https:\/\/concremex.com\/concremex\/aviso-de-privacidad\/#breadcrumb\",\"itemListElement\":[{\"@type\":\"ListItem\",\"position\":1,\"name\":\"Inicio\",\"item\":\"https:\/\/concremex.com\/concremex\/\"},{\"@type\":\"ListItem\",\"position\":2,\"name\":\"Aviso de Privacidad\"}]},{\"@type\":\"WebSite\",\"@id\":\"https:\/\/concremex.com\/concremex\/#website\",\"url\":\"https:\/\/concremex.com\/concremex\/\",\"name\":\"Concremex es Concreto la Silla\u00ae\",\"description\":\"Somos El Concreto de Mexico\",\"publisher\":{\"@id\":\"https:\/\/concremex.com\/concremex\/#organization\"},\"potentialAction\":[{\"@type\":\"SearchAction\",\"target\":{\"@type\":\"EntryPoint\",\"urlTemplate\":\"https:\/\/concremex.com\/concremex\/?s={search_term_string}\"},\"query-input\":{\"@type\":\"PropertyValueSpecification\",\"valueRequired\":true,\"valueName\":\"search_term_string\"}}],\"inLanguage\":\"es\"},{\"@type\":\"Organization\",\"@id\":\"https:\/\/concremex.com\/concremex\/#organization\",\"name\":\"Concremex es Concretos la silla\",\"url\":\"https:\/\/concremex.com\/concremex\/\",\"logo\":{\"@type\":\"ImageObject\",\"inLanguage\":\"es\",\"@id\":\"https:\/\/concremex.com\/concremex\/#\/schema\/logo\/image\/\",\"url\":\"https:\/\/concremex.com\/concremex\/wp-content\/uploads\/2021\/01\/Logo-de-Concremex.png\",\"contentUrl\":\"https:\/\/concremex.com\/concremex\/wp-content\/uploads\/2021\/01\/Logo-de-Concremex.png\",\"width\":8153,\"height\":3313,\"caption\":\"Concremex es Concretos la silla\"},\"image\":{\"@id\":\"https:\/\/concremex.com\/concremex\/#\/schema\/logo\/image\/\"}}]}<\/script>\n<!-- \/ Yoast SEO plugin. -->","yoast_head_json":{"title":"Aviso de Privacidad - Concremex es Concreto la Silla\u00ae","robots":{"index":"index","follow":"follow","max-snippet":"max-snippet:-1","max-image-preview":"max-image-preview:large","max-video-preview":"max-video-preview:-1"},"canonical":"https:\/\/concremex.com\/concremex\/aviso-de-privacidad\/","og_locale":"es_MX","og_type":"article","og_title":"Aviso de Privacidad - Concremex es Concreto la Silla\u00ae","og_description":"Concretos La Silla S.A de C.V (CONCREMEX) T\u00e9rminos y Condiciones Lea estos t\u00e9rminos detenidamente antes de usar u obtener acceso al sitio web concretoslasilla.com \u00f3 concremex.com, o a cualquiera de los materiales contenidos o enlazados con el mismo. Si no acepta estos t\u00e9rminos y condiciones, es posible que no pueda obtener acceso ni usar de [&hellip;]","og_url":"https:\/\/concremex.com\/concremex\/aviso-de-privacidad\/","og_site_name":"Concremex es Concreto la Silla\u00ae","article_modified_time":"2021-08-24T03:51:34+00:00","twitter_card":"summary_large_image","twitter_misc":{"Tiempo de lectura":"11 minutos"},"schema":{"@context":"https:\/\/schema.org","@graph":[{"@type":"WebPage","@id":"https:\/\/concremex.com\/concremex\/aviso-de-privacidad\/","url":"https:\/\/concremex.com\/concremex\/aviso-de-privacidad\/","name":"Aviso de Privacidad - Concremex es Concreto la Silla\u00ae","isPartOf":{"@id":"https:\/\/concremex.com\/concremex\/#website"},"datePublished":"2021-02-25T03:40:23+00:00","dateModified":"2021-08-24T03:51:34+00:00","breadcrumb":{"@id":"https:\/\/concremex.com\/concremex\/aviso-de-privacidad\/#breadcrumb"},"inLanguage":"es","potentialAction":[{"@type":"ReadAction","target":["https:\/\/concremex.com\/concremex\/aviso-de-privacidad\/"]}]},{"@type":"BreadcrumbList","@id":"https:\/\/concremex.com\/concremex\/aviso-de-privacidad\/#breadcrumb","itemListElement":[{"@type":"ListItem","position":1,"name":"Inicio","item":"https:\/\/concremex.com\/concremex\/"},{"@type":"ListItem","position":2,"name":"Aviso de Privacidad"}]},{"@type":"WebSite","@id":"https:\/\/concremex.com\/concremex\/#website","url":"https:\/\/concremex.com\/concremex\/","name":"Concremex es Concreto la Silla\u00ae","description":"Somos El Concreto de Mexico","publisher":{"@id":"https:\/\/concremex.com\/concremex\/#organization"},"potentialAction":[{"@type":"SearchAction","target":{"@type":"EntryPoint","urlTemplate":"https:\/\/concremex.com\/concremex\/?s={search_term_string}"},"query-input":{"@type":"PropertyValueSpecification","valueRequired":true,"valueName":"search_term_string"}}],"inLanguage":"es"},{"@type":"Organization","@id":"https:\/\/concremex.com\/concremex\/#organization","name":"Concremex es Concretos la silla","url":"https:\/\/concremex.com\/concremex\/","logo":{"@type":"ImageObject","inLanguage":"es","@id":"https:\/\/concremex.com\/concremex\/#\/schema\/logo\/image\/","url":"https:\/\/concremex.com\/concremex\/wp-content\/uploads\/2021\/01\/Logo-de-Concremex.png","contentUrl":"https:\/\/concremex.com\/concremex\/wp-content\/uploads\/2021\/01\/Logo-de-Concremex.png","width":8153,"height":3313,"caption":"Concremex es Concretos la silla"},"image":{"@id":"https:\/\/concremex.com\/concremex\/#\/schema\/logo\/image\/"}}]}},"_links":{"self":[{"href":"https:\/\/concremex.com\/concremex\/wp-json\/wp\/v2\/pages\/1018","targetHints":{"allow":["GET"]}}],"collection":[{"href":"https:\/\/concremex.com\/concremex\/wp-json\/wp\/v2\/pages"}],"about":[{"href":"https:\/\/concremex.com\/concremex\/wp-json\/wp\/v2\/types\/page"}],"author":[{"embeddable":true,"href":"https:\/\/concremex.com\/concremex\/wp-json\/wp\/v2\/users\/1"}],"replies":[{"embeddable":true,"href":"https:\/\/concremex.com\/concremex\/wp-json\/wp\/v2\/comments?post=1018"}],"version-history":[{"count":10,"href":"https:\/\/concremex.com\/concremex\/wp-json\/wp\/v2\/pages\/1018\/revisions"}],"predecessor-version":[{"id":1187,"href":"https:\/\/concremex.com\/concremex\/wp-json\/wp\/v2\/pages\/1018\/revisions\/1187"}],"wp:attachment":[{"href":"https:\/\/concremex.com\/concremex\/wp-json\/wp\/v2\/media?parent=1018"}],"curies":[{"name":"wp","href":"https:\/\/api.w.org\/{rel}","templated":true}]}}